{"id":453,"date":"2020-07-06T14:18:04","date_gmt":"2020-07-06T14:18:04","guid":{"rendered":"https:\/\/www.oaklins.com\/at\/oaklins-internationals-executive-committee\/"},"modified":"2026-01-05T10:32:17","modified_gmt":"2026-01-05T10:32:17","slug":"oaklins-internationals-executive-committee","status":"publish","type":"page","link":"https:\/\/www.oaklins.com\/at\/de\/oaklins-internationals-executive-committee\/","title":{"rendered":"Oaklins International Executive Board"},"content":{"rendered":"","protected":false},"excerpt":{"rendered":"","protected":false},"author":2,"featured_media":0,"parent":0,"menu_order":0,"comment_status":"closed","ping_status":"closed","template":"","meta":{"_acf_changed":false,"footnotes":""},"class_list":["post-453","page","type-page","status-publish","hentry"],"acf":[],"yoast_head":"<!-- This site is optimized with the Yoast SEO plugin v26.9 - https:\/\/yoast.com\/product\/yoast-seo-wordpress\/ -->\n<title>Oaklins International Executive Board | \u00dcber uns | Oaklins Austria: M&amp;A und Corporate Finance Beratung weltweit<\/title>\n<meta name=\"description\" content=\"Ein gew\u00e4hltes Executive Board, das sich aus zehn Repr\u00e4sentanten aus der ganzen Welt zusammensetzt und f\u00fcr das Management von Oaklins verantwortlich ist. Die Mitglieder dieses Boards sind selbst Unternehmer und verstehen daher die Besonderheiten und Erfolgsfaktoren des Unternehmertums.\" \/>\n<meta name=\"robots\" content=\"index, follow, max-snippet:-1, max-image-preview:large, max-video-preview:-1\" \/>\n<meta property=\"og:locale\" content=\"de_DE\" \/>\n<meta property=\"og:type\" content=\"article\" \/>\n<meta property=\"og:title\" content=\"Oaklins International Executive Board | \u00dcber uns | Oaklins Austria: M&amp;A und Corporate Finance Beratung weltweit\" \/>\n<meta property=\"og:description\" content=\"Ein gew\u00e4hltes Executive Board, das sich aus zehn Repr\u00e4sentanten aus der ganzen Welt zusammensetzt und f\u00fcr das Management von Oaklins verantwortlich ist. Die Mitglieder dieses Boards sind selbst Unternehmer und verstehen daher die Besonderheiten und Erfolgsfaktoren des Unternehmertums.\" \/>\n<meta property=\"og:url\" content=\"https:\/\/www.oaklins.com\/at\/de\/wp-json\/wp\/v2\/pages\/453\/\" \/>\n<meta property=\"og:site_name\" content=\"Oaklins Austria\" \/>\n<meta property=\"article:modified_time\" content=\"2026-01-05T10:32:17+00:00\" \/>\n<meta property=\"og:image\" content=\"https:\/\/www.oaklins.com\/uploads\/sites\/4\/2019\/12\/Website-Share-Fallback.jpg\" \/>\n\t<meta property=\"og:image:width\" content=\"1920\" \/>\n\t<meta property=\"og:image:height\" content=\"1080\" \/>\n\t<meta property=\"og:image:type\" content=\"image\/jpeg\" \/>\n<meta name=\"twitter:card\" content=\"summary_large_image\" \/>\n<!-- \/ Yoast SEO plugin. -->","yoast_head_json":{"title":"Oaklins International Executive Board | \u00dcber uns | Oaklins Austria: M&A und Corporate Finance Beratung weltweit","description":"Ein gew\u00e4hltes Executive Board, das sich aus zehn Repr\u00e4sentanten aus der ganzen Welt zusammensetzt und f\u00fcr das Management von Oaklins verantwortlich ist. Die Mitglieder dieses Boards sind selbst Unternehmer und verstehen daher die Besonderheiten und Erfolgsfaktoren des Unternehmertums.","robots":{"index":"index","follow":"follow","max-snippet":"max-snippet:-1","max-image-preview":"max-image-preview:large","max-video-preview":"max-video-preview:-1"},"og_locale":"de_DE","og_type":"article","og_title":"Oaklins International Executive Board | \u00dcber uns | Oaklins Austria: M&A und Corporate Finance Beratung weltweit","og_description":"Ein gew\u00e4hltes Executive Board, das sich aus zehn Repr\u00e4sentanten aus der ganzen Welt zusammensetzt und f\u00fcr das Management von Oaklins verantwortlich ist. Die Mitglieder dieses Boards sind selbst Unternehmer und verstehen daher die Besonderheiten und Erfolgsfaktoren des Unternehmertums.","og_url":"https:\/\/www.oaklins.com\/at\/de\/wp-json\/wp\/v2\/pages\/453\/","og_site_name":"Oaklins Austria","article_modified_time":"2026-01-05T10:32:17+00:00","og_image":[{"width":1920,"height":1080,"url":"https:\/\/www.oaklins.com\/uploads\/sites\/4\/2019\/12\/Website-Share-Fallback.jpg","type":"image\/jpeg"}],"twitter_card":"summary_large_image","schema":{"@context":"https:\/\/schema.org","@graph":[{"@type":"WebPage","@id":"https:\/\/www.oaklins.com\/at\/de\/oaklins-internationals-executive-committee\/","url":"https:\/\/www.oaklins.com\/at\/de\/oaklins-internationals-executive-committee\/","name":"Oaklins International Executive Board | \u00dcber uns | Oaklins Austria: M&A und Corporate Finance Beratung weltweit","isPartOf":{"@id":"https:\/\/www.oaklins.com\/at\/en\/#website"},"datePublished":"2020-07-06T14:18:04+00:00","dateModified":"2026-01-05T10:32:17+00:00","description":"Ein gew\u00e4hltes Executive Board, das sich aus zehn Repr\u00e4sentanten aus der ganzen Welt zusammensetzt und f\u00fcr das Management von Oaklins verantwortlich ist. Die Mitglieder dieses Boards sind selbst Unternehmer und verstehen daher die Besonderheiten und Erfolgsfaktoren des Unternehmertums.","breadcrumb":{"@id":"https:\/\/www.oaklins.com\/at\/de\/oaklins-internationals-executive-committee\/#breadcrumb"},"inLanguage":"de-DE","potentialAction":[{"@type":"ReadAction","target":["https:\/\/www.oaklins.com\/at\/de\/oaklins-internationals-executive-committee\/"]}]},{"@type":"BreadcrumbList","@id":"https:\/\/www.oaklins.com\/at\/de\/oaklins-internationals-executive-committee\/#breadcrumb","itemListElement":[{"@type":"ListItem","position":1,"name":"Home","item":"https:\/\/www.oaklins.com\/at\/de\/"},{"@type":"ListItem","position":2,"name":"Oaklins International Executive Board"}]},{"@type":"WebSite","@id":"https:\/\/www.oaklins.com\/at\/en\/#website","url":"https:\/\/www.oaklins.com\/at\/en\/","name":"Austria","description":"","potentialAction":[{"@type":"SearchAction","target":{"@type":"EntryPoint","urlTemplate":"https:\/\/www.oaklins.com\/at\/en\/?s={search_term_string}"},"query-input":{"@type":"PropertyValueSpecification","valueRequired":true,"valueName":"search_term_string"}}],"inLanguage":"de-DE"}]}},"_links":{"self":[{"href":"https:\/\/www.oaklins.com\/at\/de\/wp-json\/wp\/v2\/pages\/453","targetHints":{"allow":["GET"]}}],"collection":[{"href":"https:\/\/www.oaklins.com\/at\/de\/wp-json\/wp\/v2\/pages"}],"about":[{"href":"https:\/\/www.oaklins.com\/at\/de\/wp-json\/wp\/v2\/types\/page"}],"author":[{"embeddable":true,"href":"https:\/\/www.oaklins.com\/at\/de\/wp-json\/wp\/v2\/users\/2"}],"replies":[{"embeddable":true,"href":"https:\/\/www.oaklins.com\/at\/de\/wp-json\/wp\/v2\/comments?post=453"}],"version-history":[{"count":14,"href":"https:\/\/www.oaklins.com\/at\/de\/wp-json\/wp\/v2\/pages\/453\/revisions"}],"predecessor-version":[{"id":883,"href":"https:\/\/www.oaklins.com\/at\/de\/wp-json\/wp\/v2\/pages\/453\/revisions\/883"}],"wp:attachment":[{"href":"https:\/\/www.oaklins.com\/at\/de\/wp-json\/wp\/v2\/media?parent=453"}],"curies":[{"name":"wp","href":"https:\/\/api.w.org\/{rel}","templated":true}]}}