{"id":85,"date":"2019-10-29T18:46:37","date_gmt":"2019-10-29T18:46:37","guid":{"rendered":"https:\/\/www.oaklins.com\/at\/our-locations\/"},"modified":"2024-01-29T16:26:13","modified_gmt":"2024-01-29T16:26:13","slug":"our-locations","status":"publish","type":"page","link":"https:\/\/www.oaklins.com\/at\/de\/our-locations\/","title":{"rendered":"Unsere Standorte"},"content":{"rendered":"","protected":false},"excerpt":{"rendered":"","protected":false},"author":1,"featured_media":0,"parent":0,"menu_order":0,"comment_status":"closed","ping_status":"closed","template":"template-parts\/locations-template.php","meta":{"_acf_changed":false,"footnotes":""},"class_list":["post-85","page","type-page","status-publish","hentry"],"acf":[],"yoast_head":"<!-- This site is optimized with the Yoast SEO plugin v26.9 - https:\/\/yoast.com\/product\/yoast-seo-wordpress\/ -->\n<title>Unsere Standorte | Oaklins Austria: M&amp;A und Corporate Finance Beratung weltweit<\/title>\n<meta name=\"description\" content=\"Mit B\u00fcros in \u00fcber 40 L\u00e4ndern, verbinden wir internationale Perspektive mit fundierter Kenntniss der lokalen Herausforderungen und M\u00f6glichkeiten, um Sie bestm\u00f6glich bei regionalen und \u00fcberregionalen M&amp;A Transaktionen zu unterst\u00fctzen.\" \/>\n<meta name=\"robots\" content=\"index, follow, max-snippet:-1, max-image-preview:large, max-video-preview:-1\" \/>\n<meta property=\"og:locale\" content=\"de_DE\" \/>\n<meta property=\"og:type\" content=\"article\" \/>\n<meta property=\"og:title\" content=\"Unsere Standorte | Oaklins Austria: M&amp;A und Corporate Finance Beratung weltweit\" \/>\n<meta property=\"og:description\" content=\"Mit B\u00fcros in \u00fcber 40 L\u00e4ndern, verbinden wir internationale Perspektive mit fundierter Kenntniss der lokalen Herausforderungen und M\u00f6glichkeiten, um Sie bestm\u00f6glich bei regionalen und \u00fcberregionalen M&amp;A Transaktionen zu unterst\u00fctzen.\" \/>\n<meta property=\"og:url\" content=\"https:\/\/www.oaklins.com\/at\/de\/wp-json\/wp\/v2\/pages\/85\/\" \/>\n<meta property=\"og:site_name\" content=\"Oaklins Austria\" \/>\n<meta property=\"article:modified_time\" content=\"2024-01-29T16:26:13+00:00\" \/>\n<meta property=\"og:image\" content=\"https:\/\/www.oaklins.com\/uploads\/sites\/4\/2019\/12\/Website-Share-Fallback.jpg\" \/>\n\t<meta property=\"og:image:width\" content=\"1920\" \/>\n\t<meta property=\"og:image:height\" content=\"1080\" \/>\n\t<meta property=\"og:image:type\" content=\"image\/jpeg\" \/>\n<meta name=\"twitter:card\" content=\"summary_large_image\" \/>\n<!-- \/ Yoast SEO plugin. -->","yoast_head_json":{"title":"Unsere Standorte | Oaklins Austria: M&A und Corporate Finance Beratung weltweit","description":"Mit B\u00fcros in \u00fcber 40 L\u00e4ndern, verbinden wir internationale Perspektive mit fundierter Kenntniss der lokalen Herausforderungen und M\u00f6glichkeiten, um Sie bestm\u00f6glich bei regionalen und \u00fcberregionalen M&A Transaktionen zu unterst\u00fctzen.","robots":{"index":"index","follow":"follow","max-snippet":"max-snippet:-1","max-image-preview":"max-image-preview:large","max-video-preview":"max-video-preview:-1"},"og_locale":"de_DE","og_type":"article","og_title":"Unsere Standorte | Oaklins Austria: M&A und Corporate Finance Beratung weltweit","og_description":"Mit B\u00fcros in \u00fcber 40 L\u00e4ndern, verbinden wir internationale Perspektive mit fundierter Kenntniss der lokalen Herausforderungen und M\u00f6glichkeiten, um Sie bestm\u00f6glich bei regionalen und \u00fcberregionalen M&A Transaktionen zu unterst\u00fctzen.","og_url":"https:\/\/www.oaklins.com\/at\/de\/wp-json\/wp\/v2\/pages\/85\/","og_site_name":"Oaklins Austria","article_modified_time":"2024-01-29T16:26:13+00:00","og_image":[{"width":1920,"height":1080,"url":"https:\/\/www.oaklins.com\/uploads\/sites\/4\/2019\/12\/Website-Share-Fallback.jpg","type":"image\/jpeg"}],"twitter_card":"summary_large_image","schema":{"@context":"https:\/\/schema.org","@graph":[{"@type":"WebPage","@id":"https:\/\/www.oaklins.com\/at\/de\/our-locations\/","url":"https:\/\/www.oaklins.com\/at\/de\/our-locations\/","name":"Unsere Standorte | Oaklins Austria: M&A und Corporate Finance Beratung weltweit","isPartOf":{"@id":"https:\/\/www.oaklins.com\/at\/en\/#website"},"datePublished":"2019-10-29T18:46:37+00:00","dateModified":"2024-01-29T16:26:13+00:00","description":"Mit B\u00fcros in \u00fcber 40 L\u00e4ndern, verbinden wir internationale Perspektive mit fundierter Kenntniss der lokalen Herausforderungen und M\u00f6glichkeiten, um Sie bestm\u00f6glich bei regionalen und \u00fcberregionalen M&A Transaktionen zu unterst\u00fctzen.","breadcrumb":{"@id":"https:\/\/www.oaklins.com\/at\/de\/our-locations\/#breadcrumb"},"inLanguage":"de-DE","potentialAction":[{"@type":"ReadAction","target":["https:\/\/www.oaklins.com\/at\/de\/our-locations\/"]}]},{"@type":"BreadcrumbList","@id":"https:\/\/www.oaklins.com\/at\/de\/our-locations\/#breadcrumb","itemListElement":[{"@type":"ListItem","position":1,"name":"Home","item":"https:\/\/www.oaklins.com\/at\/de\/"},{"@type":"ListItem","position":2,"name":"Unsere Standorte"}]},{"@type":"WebSite","@id":"https:\/\/www.oaklins.com\/at\/en\/#website","url":"https:\/\/www.oaklins.com\/at\/en\/","name":"Austria","description":"","potentialAction":[{"@type":"SearchAction","target":{"@type":"EntryPoint","urlTemplate":"https:\/\/www.oaklins.com\/at\/en\/?s={search_term_string}"},"query-input":{"@type":"PropertyValueSpecification","valueRequired":true,"valueName":"search_term_string"}}],"inLanguage":"de-DE"}]}},"_links":{"self":[{"href":"https:\/\/www.oaklins.com\/at\/de\/wp-json\/wp\/v2\/pages\/85","targetHints":{"allow":["GET"]}}],"collection":[{"href":"https:\/\/www.oaklins.com\/at\/de\/wp-json\/wp\/v2\/pages"}],"about":[{"href":"https:\/\/www.oaklins.com\/at\/de\/wp-json\/wp\/v2\/types\/page"}],"author":[{"embeddable":true,"href":"https:\/\/www.oaklins.com\/at\/de\/wp-json\/wp\/v2\/users\/1"}],"replies":[{"embeddable":true,"href":"https:\/\/www.oaklins.com\/at\/de\/wp-json\/wp\/v2\/comments?post=85"}],"version-history":[{"count":2,"href":"https:\/\/www.oaklins.com\/at\/de\/wp-json\/wp\/v2\/pages\/85\/revisions"}],"predecessor-version":[{"id":88,"href":"https:\/\/www.oaklins.com\/at\/de\/wp-json\/wp\/v2\/pages\/85\/revisions\/88"}],"wp:attachment":[{"href":"https:\/\/www.oaklins.com\/at\/de\/wp-json\/wp\/v2\/media?parent=85"}],"curies":[{"name":"wp","href":"https:\/\/api.w.org\/{rel}","templated":true}]}}