{"id":261,"date":"2019-10-30T16:40:47","date_gmt":"2019-10-30T16:40:47","guid":{"rendered":"https:\/\/www.oaklins.com\/ca\/about-oaklins\/"},"modified":"2026-02-03T17:44:05","modified_gmt":"2026-02-03T17:44:05","slug":"about-oaklins","status":"publish","type":"page","link":"https:\/\/www.oaklins.com\/ca\/fr\/about-oaklins\/","title":{"rendered":"\u00c0 propos d&#8217;Oaklins"},"content":{"rendered":"","protected":false},"excerpt":{"rendered":"","protected":false},"author":1,"featured_media":0,"parent":0,"menu_order":0,"comment_status":"closed","ping_status":"closed","template":"template-parts\/fullpage-template.php","meta":{"_acf_changed":false,"footnotes":""},"class_list":["post-261","page","type-page","status-publish","hentry"],"acf":[],"yoast_head":"<!-- This site is optimized with the Yoast SEO plugin v26.9 - https:\/\/yoast.com\/product\/yoast-seo-wordpress\/ -->\n<title>\u00c0 propos de nous | Oaklins Canada: Fusions et Acquisitions et financement corporatif \u00e0 l&#039;international dans le march\u00e9 interm\u00e9diaire<\/title>\n<meta name=\"description\" content=\"Nous avons des \u00e9quipes de conseil en fusions et acquisitions dans 40 pays \u00e0 travers le monde, des manches retrouss\u00e9es et pr\u00eates \u00e0 vous aider \u00e0 mobiliser des capitaux, \u00e0 acqu\u00e9rir une autre soci\u00e9t\u00e9, \u00e0 vendre votre entreprise et \u00e0 vous fournir des conseils financiers \u00e9clair\u00e9s.\" \/>\n<meta name=\"robots\" content=\"index, follow, max-snippet:-1, max-image-preview:large, max-video-preview:-1\" \/>\n<meta property=\"og:locale\" content=\"fr_FR\" \/>\n<meta property=\"og:type\" content=\"article\" \/>\n<meta property=\"og:title\" content=\"\u00c0 propos de nous | Oaklins Canada: Fusions et Acquisitions et financement corporatif \u00e0 l&#039;international dans le march\u00e9 interm\u00e9diaire\" \/>\n<meta property=\"og:description\" content=\"Nous avons des \u00e9quipes de conseil en fusions et acquisitions dans 40 pays \u00e0 travers le monde, des manches retrouss\u00e9es et pr\u00eates \u00e0 vous aider \u00e0 mobiliser des capitaux, \u00e0 acqu\u00e9rir une autre soci\u00e9t\u00e9, \u00e0 vendre votre entreprise et \u00e0 vous fournir des conseils financiers \u00e9clair\u00e9s.\" \/>\n<meta property=\"og:url\" content=\"https:\/\/www.oaklins.com\/ca\/fr\/wp-json\/wp\/v2\/pages\/261\/\" \/>\n<meta property=\"og:site_name\" content=\"Oaklins Canada\" \/>\n<meta property=\"article:modified_time\" content=\"2026-02-03T17:44:05+00:00\" \/>\n<meta property=\"og:image\" content=\"https:\/\/www.oaklins.com\/uploads\/sites\/9\/2019\/12\/Website-Share-Fallback.jpg\" \/>\n\t<meta property=\"og:image:width\" content=\"1920\" \/>\n\t<meta property=\"og:image:height\" content=\"1080\" \/>\n\t<meta property=\"og:image:type\" content=\"image\/jpeg\" \/>\n<meta name=\"twitter:card\" content=\"summary_large_image\" \/>\n<!-- \/ Yoast SEO plugin. -->","yoast_head_json":{"title":"\u00c0 propos de nous | Oaklins Canada: Fusions et Acquisitions et financement corporatif \u00e0 l'international dans le march\u00e9 interm\u00e9diaire","description":"Nous avons des \u00e9quipes de conseil en fusions et acquisitions dans 40 pays \u00e0 travers le monde, des manches retrouss\u00e9es et pr\u00eates \u00e0 vous aider \u00e0 mobiliser des capitaux, \u00e0 acqu\u00e9rir une autre soci\u00e9t\u00e9, \u00e0 vendre votre entreprise et \u00e0 vous fournir des conseils financiers \u00e9clair\u00e9s.","robots":{"index":"index","follow":"follow","max-snippet":"max-snippet:-1","max-image-preview":"max-image-preview:large","max-video-preview":"max-video-preview:-1"},"og_locale":"fr_FR","og_type":"article","og_title":"\u00c0 propos de nous | Oaklins Canada: Fusions et Acquisitions et financement corporatif \u00e0 l'international dans le march\u00e9 interm\u00e9diaire","og_description":"Nous avons des \u00e9quipes de conseil en fusions et acquisitions dans 40 pays \u00e0 travers le monde, des manches retrouss\u00e9es et pr\u00eates \u00e0 vous aider \u00e0 mobiliser des capitaux, \u00e0 acqu\u00e9rir une autre soci\u00e9t\u00e9, \u00e0 vendre votre entreprise et \u00e0 vous fournir des conseils financiers \u00e9clair\u00e9s.","og_url":"https:\/\/www.oaklins.com\/ca\/fr\/wp-json\/wp\/v2\/pages\/261\/","og_site_name":"Oaklins Canada","article_modified_time":"2026-02-03T17:44:05+00:00","og_image":[{"width":1920,"height":1080,"url":"https:\/\/www.oaklins.com\/uploads\/sites\/9\/2019\/12\/Website-Share-Fallback.jpg","type":"image\/jpeg"}],"twitter_card":"summary_large_image","schema":{"@context":"https:\/\/schema.org","@graph":[{"@type":"WebPage","@id":"https:\/\/www.oaklins.com\/ca\/fr\/about-oaklins\/","url":"https:\/\/www.oaklins.com\/ca\/fr\/about-oaklins\/","name":"\u00c0 propos de nous | Oaklins Canada: Fusions et Acquisitions et financement corporatif \u00e0 l'international dans le march\u00e9 interm\u00e9diaire","isPartOf":{"@id":"https:\/\/www.oaklins.com\/ca\/en\/#website"},"datePublished":"2019-10-30T16:40:47+00:00","dateModified":"2026-02-03T17:44:05+00:00","description":"Nous avons des \u00e9quipes de conseil en fusions et acquisitions dans 40 pays \u00e0 travers le monde, des manches retrouss\u00e9es et pr\u00eates \u00e0 vous aider \u00e0 mobiliser des capitaux, \u00e0 acqu\u00e9rir une autre soci\u00e9t\u00e9, \u00e0 vendre votre entreprise et \u00e0 vous fournir des conseils financiers \u00e9clair\u00e9s.","breadcrumb":{"@id":"https:\/\/www.oaklins.com\/ca\/fr\/about-oaklins\/#breadcrumb"},"inLanguage":"fr-FR","potentialAction":[{"@type":"ReadAction","target":["https:\/\/www.oaklins.com\/ca\/fr\/about-oaklins\/"]}]},{"@type":"BreadcrumbList","@id":"https:\/\/www.oaklins.com\/ca\/fr\/about-oaklins\/#breadcrumb","itemListElement":[{"@type":"ListItem","position":1,"name":"Home","item":"https:\/\/www.oaklins.com\/ca\/fr\/"},{"@type":"ListItem","position":2,"name":"\u00c0 propos d&#8217;Oaklins"}]},{"@type":"WebSite","@id":"https:\/\/www.oaklins.com\/ca\/en\/#website","url":"https:\/\/www.oaklins.com\/ca\/en\/","name":"Canada","description":"","potentialAction":[{"@type":"SearchAction","target":{"@type":"EntryPoint","urlTemplate":"https:\/\/www.oaklins.com\/ca\/en\/?s={search_term_string}"},"query-input":{"@type":"PropertyValueSpecification","valueRequired":true,"valueName":"search_term_string"}}],"inLanguage":"fr-FR"}]}},"_links":{"self":[{"href":"https:\/\/www.oaklins.com\/ca\/fr\/wp-json\/wp\/v2\/pages\/261","targetHints":{"allow":["GET"]}}],"collection":[{"href":"https:\/\/www.oaklins.com\/ca\/fr\/wp-json\/wp\/v2\/pages"}],"about":[{"href":"https:\/\/www.oaklins.com\/ca\/fr\/wp-json\/wp\/v2\/types\/page"}],"author":[{"embeddable":true,"href":"https:\/\/www.oaklins.com\/ca\/fr\/wp-json\/wp\/v2\/users\/1"}],"replies":[{"embeddable":true,"href":"https:\/\/www.oaklins.com\/ca\/fr\/wp-json\/wp\/v2\/comments?post=261"}],"version-history":[{"count":14,"href":"https:\/\/www.oaklins.com\/ca\/fr\/wp-json\/wp\/v2\/pages\/261\/revisions"}],"predecessor-version":[{"id":763,"href":"https:\/\/www.oaklins.com\/ca\/fr\/wp-json\/wp\/v2\/pages\/261\/revisions\/763"}],"wp:attachment":[{"href":"https:\/\/www.oaklins.com\/ca\/fr\/wp-json\/wp\/v2\/media?parent=261"}],"curies":[{"name":"wp","href":"https:\/\/api.w.org\/{rel}","templated":true}]}}