{"id":283,"date":"2019-10-29T17:39:20","date_gmt":"2019-10-29T17:39:20","guid":{"rendered":"https:\/\/www.oaklins.com\/ca\/deals\/"},"modified":"2025-04-04T09:33:12","modified_gmt":"2025-04-04T09:33:12","slug":"deals","status":"publish","type":"page","link":"https:\/\/www.oaklins.com\/ca\/fr\/deals\/","title":{"rendered":"Transactions"},"content":{"rendered":"","protected":false},"excerpt":{"rendered":"","protected":false},"author":1,"featured_media":0,"parent":0,"menu_order":0,"comment_status":"closed","ping_status":"closed","template":"","meta":{"_acf_changed":false,"footnotes":""},"class_list":["post-283","page","type-page","status-publish","hentry"],"acf":[],"yoast_head":"<!-- This site is optimized with the Yoast SEO plugin v26.9 - https:\/\/yoast.com\/product\/yoast-seo-wordpress\/ -->\n<title>Transactions | Oaklins Canada: Fusions et Acquisitions et financement corporatif \u00e0 l&#039;international dans le march\u00e9 interm\u00e9diaire<\/title>\n<meta name=\"description\" content=\"Suite \u00e0 des milliers de fusions et acquisitions locales et internationales compl\u00e9t\u00e9es, notre engagement \u00e0 aider les entreprises de taille moyenne \u00e0 atteindre des r\u00e9sultats extraordinaires est plus fort que jamais.\" \/>\n<meta name=\"robots\" content=\"index, follow, max-snippet:-1, max-image-preview:large, max-video-preview:-1\" \/>\n<meta property=\"og:locale\" content=\"fr_FR\" \/>\n<meta property=\"og:type\" content=\"article\" \/>\n<meta property=\"og:title\" content=\"Transactions | Oaklins Canada: Fusions et Acquisitions et financement corporatif \u00e0 l&#039;international dans le march\u00e9 interm\u00e9diaire\" \/>\n<meta property=\"og:description\" content=\"Suite \u00e0 des milliers de fusions et acquisitions locales et internationales compl\u00e9t\u00e9es, notre engagement \u00e0 aider les entreprises de taille moyenne \u00e0 atteindre des r\u00e9sultats extraordinaires est plus fort que jamais.\" \/>\n<meta property=\"og:url\" content=\"https:\/\/www.oaklins.com\/ca\/fr\/wp-json\/wp\/v2\/pages\/283\/\" \/>\n<meta property=\"og:site_name\" content=\"Oaklins Canada\" \/>\n<meta property=\"article:modified_time\" content=\"2025-04-04T09:33:12+00:00\" \/>\n<meta property=\"og:image\" content=\"https:\/\/www.oaklins.com\/uploads\/sites\/9\/2019\/12\/Website-Share-Fallback.jpg\" \/>\n\t<meta property=\"og:image:width\" content=\"1920\" \/>\n\t<meta property=\"og:image:height\" content=\"1080\" \/>\n\t<meta property=\"og:image:type\" content=\"image\/jpeg\" \/>\n<meta name=\"twitter:card\" content=\"summary_large_image\" \/>\n<!-- \/ Yoast SEO plugin. -->","yoast_head_json":{"title":"Transactions | Oaklins Canada: Fusions et Acquisitions et financement corporatif \u00e0 l'international dans le march\u00e9 interm\u00e9diaire","description":"Suite \u00e0 des milliers de fusions et acquisitions locales et internationales compl\u00e9t\u00e9es, notre engagement \u00e0 aider les entreprises de taille moyenne \u00e0 atteindre des r\u00e9sultats extraordinaires est plus fort que jamais.","robots":{"index":"index","follow":"follow","max-snippet":"max-snippet:-1","max-image-preview":"max-image-preview:large","max-video-preview":"max-video-preview:-1"},"og_locale":"fr_FR","og_type":"article","og_title":"Transactions | Oaklins Canada: Fusions et Acquisitions et financement corporatif \u00e0 l'international dans le march\u00e9 interm\u00e9diaire","og_description":"Suite \u00e0 des milliers de fusions et acquisitions locales et internationales compl\u00e9t\u00e9es, notre engagement \u00e0 aider les entreprises de taille moyenne \u00e0 atteindre des r\u00e9sultats extraordinaires est plus fort que jamais.","og_url":"https:\/\/www.oaklins.com\/ca\/fr\/wp-json\/wp\/v2\/pages\/283\/","og_site_name":"Oaklins Canada","article_modified_time":"2025-04-04T09:33:12+00:00","og_image":[{"width":1920,"height":1080,"url":"https:\/\/www.oaklins.com\/uploads\/sites\/9\/2019\/12\/Website-Share-Fallback.jpg","type":"image\/jpeg"}],"twitter_card":"summary_large_image","schema":{"@context":"https:\/\/schema.org","@graph":[{"@type":"WebPage","@id":"https:\/\/www.oaklins.com\/ca\/fr\/deals\/","url":"https:\/\/www.oaklins.com\/ca\/fr\/deals\/","name":"Transactions | Oaklins Canada: Fusions et Acquisitions et financement corporatif \u00e0 l'international dans le march\u00e9 interm\u00e9diaire","isPartOf":{"@id":"https:\/\/www.oaklins.com\/ca\/en\/#website"},"datePublished":"2019-10-29T17:39:20+00:00","dateModified":"2025-04-04T09:33:12+00:00","description":"Suite \u00e0 des milliers de fusions et acquisitions locales et internationales compl\u00e9t\u00e9es, notre engagement \u00e0 aider les entreprises de taille moyenne \u00e0 atteindre des r\u00e9sultats extraordinaires est plus fort que jamais.","breadcrumb":{"@id":"https:\/\/www.oaklins.com\/ca\/fr\/deals\/#breadcrumb"},"inLanguage":"fr-FR","potentialAction":[{"@type":"ReadAction","target":["https:\/\/www.oaklins.com\/ca\/fr\/deals\/"]}]},{"@type":"BreadcrumbList","@id":"https:\/\/www.oaklins.com\/ca\/fr\/deals\/#breadcrumb","itemListElement":[{"@type":"ListItem","position":1,"name":"Home","item":"https:\/\/www.oaklins.com\/ca\/fr\/"},{"@type":"ListItem","position":2,"name":"Transactions"}]},{"@type":"WebSite","@id":"https:\/\/www.oaklins.com\/ca\/en\/#website","url":"https:\/\/www.oaklins.com\/ca\/en\/","name":"Canada","description":"","potentialAction":[{"@type":"SearchAction","target":{"@type":"EntryPoint","urlTemplate":"https:\/\/www.oaklins.com\/ca\/en\/?s={search_term_string}"},"query-input":{"@type":"PropertyValueSpecification","valueRequired":true,"valueName":"search_term_string"}}],"inLanguage":"fr-FR"}]}},"_links":{"self":[{"href":"https:\/\/www.oaklins.com\/ca\/fr\/wp-json\/wp\/v2\/pages\/283","targetHints":{"allow":["GET"]}}],"collection":[{"href":"https:\/\/www.oaklins.com\/ca\/fr\/wp-json\/wp\/v2\/pages"}],"about":[{"href":"https:\/\/www.oaklins.com\/ca\/fr\/wp-json\/wp\/v2\/types\/page"}],"author":[{"embeddable":true,"href":"https:\/\/www.oaklins.com\/ca\/fr\/wp-json\/wp\/v2\/users\/1"}],"replies":[{"embeddable":true,"href":"https:\/\/www.oaklins.com\/ca\/fr\/wp-json\/wp\/v2\/comments?post=283"}],"version-history":[{"count":7,"href":"https:\/\/www.oaklins.com\/ca\/fr\/wp-json\/wp\/v2\/pages\/283\/revisions"}],"predecessor-version":[{"id":736,"href":"https:\/\/www.oaklins.com\/ca\/fr\/wp-json\/wp\/v2\/pages\/283\/revisions\/736"}],"wp:attachment":[{"href":"https:\/\/www.oaklins.com\/ca\/fr\/wp-json\/wp\/v2\/media?parent=283"}],"curies":[{"name":"wp","href":"https:\/\/api.w.org\/{rel}","templated":true}]}}