{"id":321,"date":"2019-10-29T18:46:37","date_gmt":"2019-10-29T18:46:37","guid":{"rendered":"https:\/\/www.oaklins.com\/ca\/our-locations\/"},"modified":"2024-01-29T16:26:31","modified_gmt":"2024-01-29T16:26:31","slug":"our-locations","status":"publish","type":"page","link":"https:\/\/www.oaklins.com\/ca\/fr\/our-locations\/","title":{"rendered":"Nos bureaux"},"content":{"rendered":"","protected":false},"excerpt":{"rendered":"","protected":false},"author":1,"featured_media":0,"parent":0,"menu_order":8,"comment_status":"closed","ping_status":"closed","template":"template-parts\/locations-template.php","meta":{"_acf_changed":false,"footnotes":""},"class_list":["post-321","page","type-page","status-publish","hentry"],"acf":[],"yoast_head":"<!-- This site is optimized with the Yoast SEO plugin v26.9 - https:\/\/yoast.com\/product\/yoast-seo-wordpress\/ -->\n<title>Nos bureaux | Oaklins Canada: Fusions et Acquisitions et financement corporatif \u00e0 l&#039;international dans le march\u00e9 interm\u00e9diaire<\/title>\n<meta name=\"description\" content=\"Avec des bureaux dans plus de 40 pays, nous combinons une perspective globale avec une compr\u00e9hension de vos d\u00e9fis locaux et des opportunit\u00e9s pour vous aider \u00e0 trouver le meilleur des op\u00e9rations de fusions et d&#039;acquisitions locales et transfrontali\u00e8res.\" \/>\n<meta name=\"robots\" content=\"index, follow, max-snippet:-1, max-image-preview:large, max-video-preview:-1\" \/>\n<meta property=\"og:locale\" content=\"fr_FR\" \/>\n<meta property=\"og:type\" content=\"article\" \/>\n<meta property=\"og:title\" content=\"Nos bureaux | Oaklins Canada: Fusions et Acquisitions et financement corporatif \u00e0 l&#039;international dans le march\u00e9 interm\u00e9diaire\" \/>\n<meta property=\"og:description\" content=\"Avec des bureaux dans plus de 40 pays, nous combinons une perspective globale avec une compr\u00e9hension de vos d\u00e9fis locaux et des opportunit\u00e9s pour vous aider \u00e0 trouver le meilleur des op\u00e9rations de fusions et d&#039;acquisitions locales et transfrontali\u00e8res.\" \/>\n<meta property=\"og:url\" content=\"https:\/\/www.oaklins.com\/ca\/fr\/wp-json\/wp\/v2\/pages\/321\/\" \/>\n<meta property=\"og:site_name\" content=\"Oaklins Canada\" \/>\n<meta property=\"article:modified_time\" content=\"2024-01-29T16:26:31+00:00\" \/>\n<meta property=\"og:image\" content=\"https:\/\/www.oaklins.com\/uploads\/sites\/9\/2019\/12\/Website-Share-Fallback.jpg\" \/>\n\t<meta property=\"og:image:width\" content=\"1920\" \/>\n\t<meta property=\"og:image:height\" content=\"1080\" \/>\n\t<meta property=\"og:image:type\" content=\"image\/jpeg\" \/>\n<meta name=\"twitter:card\" content=\"summary_large_image\" \/>\n<!-- \/ Yoast SEO plugin. -->","yoast_head_json":{"title":"Nos bureaux | Oaklins Canada: Fusions et Acquisitions et financement corporatif \u00e0 l'international dans le march\u00e9 interm\u00e9diaire","description":"Avec des bureaux dans plus de 40 pays, nous combinons une perspective globale avec une compr\u00e9hension de vos d\u00e9fis locaux et des opportunit\u00e9s pour vous aider \u00e0 trouver le meilleur des op\u00e9rations de fusions et d'acquisitions locales et transfrontali\u00e8res.","robots":{"index":"index","follow":"follow","max-snippet":"max-snippet:-1","max-image-preview":"max-image-preview:large","max-video-preview":"max-video-preview:-1"},"og_locale":"fr_FR","og_type":"article","og_title":"Nos bureaux | Oaklins Canada: Fusions et Acquisitions et financement corporatif \u00e0 l'international dans le march\u00e9 interm\u00e9diaire","og_description":"Avec des bureaux dans plus de 40 pays, nous combinons une perspective globale avec une compr\u00e9hension de vos d\u00e9fis locaux et des opportunit\u00e9s pour vous aider \u00e0 trouver le meilleur des op\u00e9rations de fusions et d'acquisitions locales et transfrontali\u00e8res.","og_url":"https:\/\/www.oaklins.com\/ca\/fr\/wp-json\/wp\/v2\/pages\/321\/","og_site_name":"Oaklins Canada","article_modified_time":"2024-01-29T16:26:31+00:00","og_image":[{"width":1920,"height":1080,"url":"https:\/\/www.oaklins.com\/uploads\/sites\/9\/2019\/12\/Website-Share-Fallback.jpg","type":"image\/jpeg"}],"twitter_card":"summary_large_image","schema":{"@context":"https:\/\/schema.org","@graph":[{"@type":"WebPage","@id":"https:\/\/www.oaklins.com\/ca\/fr\/our-locations\/","url":"https:\/\/www.oaklins.com\/ca\/fr\/our-locations\/","name":"Nos bureaux | Oaklins Canada: Fusions et Acquisitions et financement corporatif \u00e0 l'international dans le march\u00e9 interm\u00e9diaire","isPartOf":{"@id":"https:\/\/www.oaklins.com\/ca\/en\/#website"},"datePublished":"2019-10-29T18:46:37+00:00","dateModified":"2024-01-29T16:26:31+00:00","description":"Avec des bureaux dans plus de 40 pays, nous combinons une perspective globale avec une compr\u00e9hension de vos d\u00e9fis locaux et des opportunit\u00e9s pour vous aider \u00e0 trouver le meilleur des op\u00e9rations de fusions et d'acquisitions locales et transfrontali\u00e8res.","breadcrumb":{"@id":"https:\/\/www.oaklins.com\/ca\/fr\/our-locations\/#breadcrumb"},"inLanguage":"fr-FR","potentialAction":[{"@type":"ReadAction","target":["https:\/\/www.oaklins.com\/ca\/fr\/our-locations\/"]}]},{"@type":"BreadcrumbList","@id":"https:\/\/www.oaklins.com\/ca\/fr\/our-locations\/#breadcrumb","itemListElement":[{"@type":"ListItem","position":1,"name":"Home","item":"https:\/\/www.oaklins.com\/ca\/fr\/"},{"@type":"ListItem","position":2,"name":"Nos bureaux"}]},{"@type":"WebSite","@id":"https:\/\/www.oaklins.com\/ca\/en\/#website","url":"https:\/\/www.oaklins.com\/ca\/en\/","name":"Canada","description":"","potentialAction":[{"@type":"SearchAction","target":{"@type":"EntryPoint","urlTemplate":"https:\/\/www.oaklins.com\/ca\/en\/?s={search_term_string}"},"query-input":{"@type":"PropertyValueSpecification","valueRequired":true,"valueName":"search_term_string"}}],"inLanguage":"fr-FR"}]}},"_links":{"self":[{"href":"https:\/\/www.oaklins.com\/ca\/fr\/wp-json\/wp\/v2\/pages\/321","targetHints":{"allow":["GET"]}}],"collection":[{"href":"https:\/\/www.oaklins.com\/ca\/fr\/wp-json\/wp\/v2\/pages"}],"about":[{"href":"https:\/\/www.oaklins.com\/ca\/fr\/wp-json\/wp\/v2\/types\/page"}],"author":[{"embeddable":true,"href":"https:\/\/www.oaklins.com\/ca\/fr\/wp-json\/wp\/v2\/users\/1"}],"replies":[{"embeddable":true,"href":"https:\/\/www.oaklins.com\/ca\/fr\/wp-json\/wp\/v2\/comments?post=321"}],"version-history":[{"count":3,"href":"https:\/\/www.oaklins.com\/ca\/fr\/wp-json\/wp\/v2\/pages\/321\/revisions"}],"predecessor-version":[{"id":354,"href":"https:\/\/www.oaklins.com\/ca\/fr\/wp-json\/wp\/v2\/pages\/321\/revisions\/354"}],"wp:attachment":[{"href":"https:\/\/www.oaklins.com\/ca\/fr\/wp-json\/wp\/v2\/media?parent=321"}],"curies":[{"name":"wp","href":"https:\/\/api.w.org\/{rel}","templated":true}]}}