{"id":679,"date":"2024-07-03T10:43:36","date_gmt":"2024-07-03T10:43:36","guid":{"rendered":"https:\/\/www.oaklins.com\/ca\/?page_id=679"},"modified":"2024-07-03T10:43:36","modified_gmt":"2024-07-03T10:43:36","slug":"corporate-finance-services","status":"publish","type":"page","link":"https:\/\/www.oaklins.com\/ca\/fr\/what-we-do\/corporate-finance-services\/","title":{"rendered":"Financement corporatif"},"content":{"rendered":"","protected":false},"excerpt":{"rendered":"","protected":false},"author":2,"featured_media":0,"parent":286,"menu_order":4,"comment_status":"closed","ping_status":"closed","template":"template-parts\/single-service-template.php","meta":{"_acf_changed":false,"footnotes":""},"class_list":["post-679","page","type-page","status-publish","hentry"],"acf":[],"yoast_head":"<!-- This site is optimized with the Yoast SEO plugin v26.9 - https:\/\/yoast.com\/product\/yoast-seo-wordpress\/ -->\n<title>Financement corporatif | Oaklins Canada: Fusions et Acquisitions et financement corporatif \u00e0 l&#039;international dans le march\u00e9 interm\u00e9diaire<\/title>\n<meta name=\"robots\" content=\"index, follow, max-snippet:-1, max-image-preview:large, max-video-preview:-1\" \/>\n<meta property=\"og:locale\" content=\"fr_FR\" \/>\n<meta property=\"og:type\" content=\"article\" \/>\n<meta property=\"og:title\" content=\"Financement corporatif | Oaklins Canada: Fusions et Acquisitions et financement corporatif \u00e0 l&#039;international dans le march\u00e9 interm\u00e9diaire\" \/>\n<meta property=\"og:url\" content=\"https:\/\/www.oaklins.com\/ca\/fr\/wp-json\/wp\/v2\/pages\/679\/\" \/>\n<meta property=\"og:site_name\" content=\"Oaklins Canada\" \/>\n<meta property=\"og:image\" content=\"https:\/\/www.oaklins.com\/uploads\/sites\/9\/2019\/12\/Website-Share-Fallback.jpg\" \/>\n\t<meta property=\"og:image:width\" content=\"1920\" \/>\n\t<meta property=\"og:image:height\" content=\"1080\" \/>\n\t<meta property=\"og:image:type\" content=\"image\/jpeg\" \/>\n<meta name=\"twitter:card\" content=\"summary_large_image\" \/>\n<!-- \/ Yoast SEO plugin. -->","yoast_head_json":{"title":"Financement corporatif | Oaklins Canada: Fusions et Acquisitions et financement corporatif \u00e0 l'international dans le march\u00e9 interm\u00e9diaire","robots":{"index":"index","follow":"follow","max-snippet":"max-snippet:-1","max-image-preview":"max-image-preview:large","max-video-preview":"max-video-preview:-1"},"og_locale":"fr_FR","og_type":"article","og_title":"Financement corporatif | Oaklins Canada: Fusions et Acquisitions et financement corporatif \u00e0 l'international dans le march\u00e9 interm\u00e9diaire","og_url":"https:\/\/www.oaklins.com\/ca\/fr\/wp-json\/wp\/v2\/pages\/679\/","og_site_name":"Oaklins Canada","og_image":[{"width":1920,"height":1080,"url":"https:\/\/www.oaklins.com\/uploads\/sites\/9\/2019\/12\/Website-Share-Fallback.jpg","type":"image\/jpeg"}],"twitter_card":"summary_large_image","schema":{"@context":"https:\/\/schema.org","@graph":[{"@type":"WebPage","@id":"https:\/\/www.oaklins.com\/ca\/what-we-do\/corporate-finance-services\/","url":"https:\/\/www.oaklins.com\/ca\/what-we-do\/corporate-finance-services\/","name":"Financement corporatif | Oaklins Canada: Fusions et Acquisitions et financement corporatif \u00e0 l'international dans le march\u00e9 interm\u00e9diaire","isPartOf":{"@id":"https:\/\/www.oaklins.com\/ca\/en\/#website"},"datePublished":"2024-07-03T10:43:36+00:00","breadcrumb":{"@id":"https:\/\/www.oaklins.com\/ca\/what-we-do\/corporate-finance-services\/#breadcrumb"},"inLanguage":"fr-FR","potentialAction":[{"@type":"ReadAction","target":["https:\/\/www.oaklins.com\/ca\/what-we-do\/corporate-finance-services\/"]}]},{"@type":"BreadcrumbList","@id":"https:\/\/www.oaklins.com\/ca\/what-we-do\/corporate-finance-services\/#breadcrumb","itemListElement":[{"@type":"ListItem","position":1,"name":"Home","item":"https:\/\/www.oaklins.com\/ca\/fr\/"},{"@type":"ListItem","position":2,"name":"Ce que nous faisons","item":"https:\/\/www.oaklins.com\/ca\/fr\/what-we-do\/"},{"@type":"ListItem","position":3,"name":"Financement corporatif"}]},{"@type":"WebSite","@id":"https:\/\/www.oaklins.com\/ca\/en\/#website","url":"https:\/\/www.oaklins.com\/ca\/en\/","name":"Canada","description":"","potentialAction":[{"@type":"SearchAction","target":{"@type":"EntryPoint","urlTemplate":"https:\/\/www.oaklins.com\/ca\/en\/?s={search_term_string}"},"query-input":{"@type":"PropertyValueSpecification","valueRequired":true,"valueName":"search_term_string"}}],"inLanguage":"fr-FR"}]}},"_links":{"self":[{"href":"https:\/\/www.oaklins.com\/ca\/fr\/wp-json\/wp\/v2\/pages\/679","targetHints":{"allow":["GET"]}}],"collection":[{"href":"https:\/\/www.oaklins.com\/ca\/fr\/wp-json\/wp\/v2\/pages"}],"about":[{"href":"https:\/\/www.oaklins.com\/ca\/fr\/wp-json\/wp\/v2\/types\/page"}],"author":[{"embeddable":true,"href":"https:\/\/www.oaklins.com\/ca\/fr\/wp-json\/wp\/v2\/users\/2"}],"replies":[{"embeddable":true,"href":"https:\/\/www.oaklins.com\/ca\/fr\/wp-json\/wp\/v2\/comments?post=679"}],"version-history":[{"count":2,"href":"https:\/\/www.oaklins.com\/ca\/fr\/wp-json\/wp\/v2\/pages\/679\/revisions"}],"predecessor-version":[{"id":689,"href":"https:\/\/www.oaklins.com\/ca\/fr\/wp-json\/wp\/v2\/pages\/679\/revisions\/689"}],"up":[{"embeddable":true,"href":"https:\/\/www.oaklins.com\/ca\/fr\/wp-json\/wp\/v2\/pages\/286"}],"wp:attachment":[{"href":"https:\/\/www.oaklins.com\/ca\/fr\/wp-json\/wp\/v2\/media?parent=679"}],"curies":[{"name":"wp","href":"https:\/\/api.w.org\/{rel}","templated":true}]}}