{"id":223,"date":"2019-10-29T17:31:59","date_gmt":"2019-10-29T17:32:00","guid":{"rendered":"https:\/\/www.oaklins.com\/ch\/team\/"},"modified":"2026-01-21T15:00:25","modified_gmt":"2026-01-21T15:00:25","slug":"team","status":"publish","type":"page","link":"https:\/\/www.oaklins.com\/ch\/de\/team\/","title":{"rendered":"Team"},"content":{"rendered":"","protected":false},"excerpt":{"rendered":"","protected":false},"author":1,"featured_media":0,"parent":0,"menu_order":0,"comment_status":"closed","ping_status":"closed","template":"template-parts\/fullpage-template.php","meta":{"_acf_changed":false,"footnotes":""},"class_list":["post-223","page","type-page","status-publish","hentry"],"acf":[],"yoast_head":"<!-- This site is optimized with the Yoast SEO plugin v26.9 - https:\/\/yoast.com\/product\/yoast-seo-wordpress\/ -->\n<title>Team | Oaklins Switzerland: M&amp;A-Beratung\/Unternehmensverkauf, Due Diligence, Unternehmensbewertung<\/title>\n<meta name=\"description\" content=\"W\u00e4hrend des gesamten M&amp;A-Prozesses k\u00f6nnen Sie auf unsere Professionalit\u00e4t und Erfahrung z\u00e4hlen. Wir halten Ihre Ziele stets im Mittelpunkt unserer Beratung.\" \/>\n<meta name=\"robots\" content=\"index, follow, max-snippet:-1, max-image-preview:large, max-video-preview:-1\" \/>\n<meta property=\"og:locale\" content=\"de_DE\" \/>\n<meta property=\"og:type\" content=\"article\" \/>\n<meta property=\"og:title\" content=\"Team | Oaklins Switzerland: M&amp;A-Beratung\/Unternehmensverkauf, Due Diligence, Unternehmensbewertung\" \/>\n<meta property=\"og:description\" content=\"W\u00e4hrend des gesamten M&amp;A-Prozesses k\u00f6nnen Sie auf unsere Professionalit\u00e4t und Erfahrung z\u00e4hlen. Wir halten Ihre Ziele stets im Mittelpunkt unserer Beratung.\" \/>\n<meta property=\"og:url\" content=\"https:\/\/www.oaklins.com\/ch\/de\/wp-json\/wp\/v2\/pages\/223\/\" \/>\n<meta property=\"og:site_name\" content=\"Oaklins Switzerland\" \/>\n<meta property=\"article:modified_time\" content=\"2026-01-21T15:00:25+00:00\" \/>\n<meta property=\"og:image\" content=\"https:\/\/www.oaklins.com\/uploads\/sites\/39\/2019\/12\/Oaklins.jpg\" \/>\n\t<meta property=\"og:image:width\" content=\"1920\" \/>\n\t<meta property=\"og:image:height\" content=\"1080\" \/>\n\t<meta property=\"og:image:type\" content=\"image\/jpeg\" \/>\n<meta name=\"twitter:card\" content=\"summary_large_image\" \/>\n<!-- \/ Yoast SEO plugin. -->","yoast_head_json":{"title":"Team | Oaklins Switzerland: M&A-Beratung\/Unternehmensverkauf, Due Diligence, Unternehmensbewertung","description":"W\u00e4hrend des gesamten M&A-Prozesses k\u00f6nnen Sie auf unsere Professionalit\u00e4t und Erfahrung z\u00e4hlen. Wir halten Ihre Ziele stets im Mittelpunkt unserer Beratung.","robots":{"index":"index","follow":"follow","max-snippet":"max-snippet:-1","max-image-preview":"max-image-preview:large","max-video-preview":"max-video-preview:-1"},"og_locale":"de_DE","og_type":"article","og_title":"Team | Oaklins Switzerland: M&A-Beratung\/Unternehmensverkauf, Due Diligence, Unternehmensbewertung","og_description":"W\u00e4hrend des gesamten M&A-Prozesses k\u00f6nnen Sie auf unsere Professionalit\u00e4t und Erfahrung z\u00e4hlen. Wir halten Ihre Ziele stets im Mittelpunkt unserer Beratung.","og_url":"https:\/\/www.oaklins.com\/ch\/de\/wp-json\/wp\/v2\/pages\/223\/","og_site_name":"Oaklins Switzerland","article_modified_time":"2026-01-21T15:00:25+00:00","og_image":[{"width":1920,"height":1080,"url":"https:\/\/www.oaklins.com\/uploads\/sites\/39\/2019\/12\/Oaklins.jpg","type":"image\/jpeg"}],"twitter_card":"summary_large_image","schema":{"@context":"https:\/\/schema.org","@graph":[{"@type":"WebPage","@id":"https:\/\/www.oaklins.com\/ch\/team\/","url":"https:\/\/www.oaklins.com\/ch\/team\/","name":"Team | Oaklins Switzerland: M&A-Beratung\/Unternehmensverkauf, Due Diligence, Unternehmensbewertung","isPartOf":{"@id":"https:\/\/www.oaklins.com\/ch\/en\/#website"},"datePublished":"2019-10-29T17:32:00+00:00","dateModified":"2026-01-21T15:00:25+00:00","description":"W\u00e4hrend des gesamten M&A-Prozesses k\u00f6nnen Sie auf unsere Professionalit\u00e4t und Erfahrung z\u00e4hlen. Wir halten Ihre Ziele stets im Mittelpunkt unserer Beratung.","breadcrumb":{"@id":"https:\/\/www.oaklins.com\/ch\/team\/#breadcrumb"},"inLanguage":"de-DE","potentialAction":[{"@type":"ReadAction","target":["https:\/\/www.oaklins.com\/ch\/team\/"]}]},{"@type":"BreadcrumbList","@id":"https:\/\/www.oaklins.com\/ch\/team\/#breadcrumb","itemListElement":[{"@type":"ListItem","position":1,"name":"Home","item":"https:\/\/www.oaklins.com\/ch\/de\/"},{"@type":"ListItem","position":2,"name":"Team"}]},{"@type":"WebSite","@id":"https:\/\/www.oaklins.com\/ch\/en\/#website","url":"https:\/\/www.oaklins.com\/ch\/en\/","name":"Switzerland","description":"","potentialAction":[{"@type":"SearchAction","target":{"@type":"EntryPoint","urlTemplate":"https:\/\/www.oaklins.com\/ch\/en\/?s={search_term_string}"},"query-input":{"@type":"PropertyValueSpecification","valueRequired":true,"valueName":"search_term_string"}}],"inLanguage":"de-DE"}]}},"_links":{"self":[{"href":"https:\/\/www.oaklins.com\/ch\/de\/wp-json\/wp\/v2\/pages\/223","targetHints":{"allow":["GET"]}}],"collection":[{"href":"https:\/\/www.oaklins.com\/ch\/de\/wp-json\/wp\/v2\/pages"}],"about":[{"href":"https:\/\/www.oaklins.com\/ch\/de\/wp-json\/wp\/v2\/types\/page"}],"author":[{"embeddable":true,"href":"https:\/\/www.oaklins.com\/ch\/de\/wp-json\/wp\/v2\/users\/1"}],"replies":[{"embeddable":true,"href":"https:\/\/www.oaklins.com\/ch\/de\/wp-json\/wp\/v2\/comments?post=223"}],"version-history":[{"count":11,"href":"https:\/\/www.oaklins.com\/ch\/de\/wp-json\/wp\/v2\/pages\/223\/revisions"}],"predecessor-version":[{"id":1081,"href":"https:\/\/www.oaklins.com\/ch\/de\/wp-json\/wp\/v2\/pages\/223\/revisions\/1081"}],"wp:attachment":[{"href":"https:\/\/www.oaklins.com\/ch\/de\/wp-json\/wp\/v2\/media?parent=223"}],"curies":[{"name":"wp","href":"https:\/\/api.w.org\/{rel}","templated":true}]}}