{"id":887,"date":"2024-07-03T13:44:45","date_gmt":"2024-07-03T13:44:45","guid":{"rendered":"https:\/\/www.oaklins.com\/ch\/?page_id=887"},"modified":"2025-01-14T11:03:37","modified_gmt":"2025-01-14T11:03:37","slug":"due-diligence","status":"publish","type":"page","link":"https:\/\/www.oaklins.com\/ch\/de\/what-we-do\/due-diligence\/","title":{"rendered":"Due Diligence Pr\u00fcfung \u2013 Verk\u00e4ufer- &#038; K\u00e4uferseite"},"content":{"rendered":"","protected":false},"excerpt":{"rendered":"","protected":false},"author":2,"featured_media":0,"parent":199,"menu_order":5,"comment_status":"closed","ping_status":"closed","template":"template-parts\/single-service-template.php","meta":{"_acf_changed":false,"footnotes":""},"class_list":["post-887","page","type-page","status-publish","hentry"],"acf":[],"yoast_head":"<!-- This site is optimized with the Yoast SEO plugin v26.9 - https:\/\/yoast.com\/product\/yoast-seo-wordpress\/ -->\n<title>Due Diligence Pr\u00fcfung | M&amp;A Beratung Oaklins Switzerland<\/title>\n<meta name=\"description\" content=\"Umfassende Due Diligence Pr\u00fcfungen f\u00fcr Verk\u00e4ufer- &amp; K\u00e4uferseite \u221a F\u00fcr fundierte Investitionsentscheidungen \u27a4 Kontaktieren Sie uns.\" \/>\n<meta name=\"robots\" content=\"index, follow, max-snippet:-1, max-image-preview:large, max-video-preview:-1\" \/>\n<meta property=\"og:locale\" content=\"de_DE\" \/>\n<meta property=\"og:type\" content=\"article\" \/>\n<meta property=\"og:title\" content=\"Due Diligence Pr\u00fcfung | M&amp;A Beratung Oaklins Switzerland\" \/>\n<meta property=\"og:description\" content=\"Umfassende Due Diligence Pr\u00fcfungen f\u00fcr Verk\u00e4ufer- &amp; K\u00e4uferseite \u221a F\u00fcr fundierte Investitionsentscheidungen \u27a4 Kontaktieren Sie uns.\" \/>\n<meta property=\"og:url\" content=\"https:\/\/www.oaklins.com\/ch\/de\/wp-json\/wp\/v2\/pages\/887\/\" \/>\n<meta property=\"og:site_name\" content=\"Oaklins Switzerland\" \/>\n<meta property=\"article:modified_time\" content=\"2025-01-14T11:03:37+00:00\" \/>\n<meta property=\"og:image\" content=\"https:\/\/www.oaklins.com\/uploads\/sites\/39\/2019\/12\/Oaklins.jpg\" \/>\n\t<meta property=\"og:image:width\" content=\"1920\" \/>\n\t<meta property=\"og:image:height\" content=\"1080\" \/>\n\t<meta property=\"og:image:type\" content=\"image\/jpeg\" \/>\n<meta name=\"twitter:card\" content=\"summary_large_image\" \/>\n<!-- \/ Yoast SEO plugin. -->","yoast_head_json":{"title":"Due Diligence Pr\u00fcfung | M&A Beratung Oaklins Switzerland","description":"Umfassende Due Diligence Pr\u00fcfungen f\u00fcr Verk\u00e4ufer- & K\u00e4uferseite \u221a F\u00fcr fundierte Investitionsentscheidungen \u27a4 Kontaktieren Sie uns.","robots":{"index":"index","follow":"follow","max-snippet":"max-snippet:-1","max-image-preview":"max-image-preview:large","max-video-preview":"max-video-preview:-1"},"og_locale":"de_DE","og_type":"article","og_title":"Due Diligence Pr\u00fcfung | M&A Beratung Oaklins Switzerland","og_description":"Umfassende Due Diligence Pr\u00fcfungen f\u00fcr Verk\u00e4ufer- & K\u00e4uferseite \u221a F\u00fcr fundierte Investitionsentscheidungen \u27a4 Kontaktieren Sie uns.","og_url":"https:\/\/www.oaklins.com\/ch\/de\/wp-json\/wp\/v2\/pages\/887\/","og_site_name":"Oaklins Switzerland","article_modified_time":"2025-01-14T11:03:37+00:00","og_image":[{"width":1920,"height":1080,"url":"https:\/\/www.oaklins.com\/uploads\/sites\/39\/2019\/12\/Oaklins.jpg","type":"image\/jpeg"}],"twitter_card":"summary_large_image","schema":{"@context":"https:\/\/schema.org","@graph":[{"@type":"WebPage","@id":"https:\/\/www.oaklins.com\/ch\/what-we-do\/due-diligence\/","url":"https:\/\/www.oaklins.com\/ch\/what-we-do\/due-diligence\/","name":"Due Diligence Pr\u00fcfung | M&A Beratung Oaklins Switzerland","isPartOf":{"@id":"https:\/\/www.oaklins.com\/ch\/en\/#website"},"datePublished":"2024-07-03T13:44:45+00:00","dateModified":"2025-01-14T11:03:37+00:00","description":"Umfassende Due Diligence Pr\u00fcfungen f\u00fcr Verk\u00e4ufer- & K\u00e4uferseite \u221a F\u00fcr fundierte Investitionsentscheidungen \u27a4 Kontaktieren Sie uns.","breadcrumb":{"@id":"https:\/\/www.oaklins.com\/ch\/what-we-do\/due-diligence\/#breadcrumb"},"inLanguage":"de-DE","potentialAction":[{"@type":"ReadAction","target":["https:\/\/www.oaklins.com\/ch\/what-we-do\/due-diligence\/"]}]},{"@type":"BreadcrumbList","@id":"https:\/\/www.oaklins.com\/ch\/what-we-do\/due-diligence\/#breadcrumb","itemListElement":[{"@type":"ListItem","position":1,"name":"Home","item":"https:\/\/www.oaklins.com\/ch\/de\/"},{"@type":"ListItem","position":2,"name":"Dienstleistungen","item":"https:\/\/www.oaklins.com\/ch\/de\/what-we-do\/"},{"@type":"ListItem","position":3,"name":"Due Diligence Pr\u00fcfung \u2013 Verk\u00e4ufer- &#038; K\u00e4uferseite"}]},{"@type":"WebSite","@id":"https:\/\/www.oaklins.com\/ch\/en\/#website","url":"https:\/\/www.oaklins.com\/ch\/en\/","name":"Switzerland","description":"","potentialAction":[{"@type":"SearchAction","target":{"@type":"EntryPoint","urlTemplate":"https:\/\/www.oaklins.com\/ch\/en\/?s={search_term_string}"},"query-input":{"@type":"PropertyValueSpecification","valueRequired":true,"valueName":"search_term_string"}}],"inLanguage":"de-DE"}]}},"_links":{"self":[{"href":"https:\/\/www.oaklins.com\/ch\/de\/wp-json\/wp\/v2\/pages\/887","targetHints":{"allow":["GET"]}}],"collection":[{"href":"https:\/\/www.oaklins.com\/ch\/de\/wp-json\/wp\/v2\/pages"}],"about":[{"href":"https:\/\/www.oaklins.com\/ch\/de\/wp-json\/wp\/v2\/types\/page"}],"author":[{"embeddable":true,"href":"https:\/\/www.oaklins.com\/ch\/de\/wp-json\/wp\/v2\/users\/2"}],"replies":[{"embeddable":true,"href":"https:\/\/www.oaklins.com\/ch\/de\/wp-json\/wp\/v2\/comments?post=887"}],"version-history":[{"count":3,"href":"https:\/\/www.oaklins.com\/ch\/de\/wp-json\/wp\/v2\/pages\/887\/revisions"}],"predecessor-version":[{"id":944,"href":"https:\/\/www.oaklins.com\/ch\/de\/wp-json\/wp\/v2\/pages\/887\/revisions\/944"}],"up":[{"embeddable":true,"href":"https:\/\/www.oaklins.com\/ch\/de\/wp-json\/wp\/v2\/pages\/199"}],"wp:attachment":[{"href":"https:\/\/www.oaklins.com\/ch\/de\/wp-json\/wp\/v2\/media?parent=887"}],"curies":[{"name":"wp","href":"https:\/\/api.w.org\/{rel}","templated":true}]}}