{"id":241,"date":"2019-10-30T16:40:47","date_gmt":"2019-10-30T16:40:47","guid":{"rendered":"https:\/\/www.oaklins.com\/co\/about-oaklins\/"},"modified":"2026-02-03T17:42:55","modified_gmt":"2026-02-03T17:42:55","slug":"about-oaklins","status":"publish","type":"page","link":"https:\/\/www.oaklins.com\/co\/es\/about-oaklins\/","title":{"rendered":"Acerca de Oaklins"},"content":{"rendered":"","protected":false},"excerpt":{"rendered":"","protected":false},"author":1,"featured_media":0,"parent":0,"menu_order":0,"comment_status":"closed","ping_status":"closed","template":"template-parts\/fullpage-template.php","meta":{"_acf_changed":false,"footnotes":""},"class_list":["post-241","page","type-page","status-publish","hentry"],"acf":[],"yoast_head":"<!-- This site is optimized with the Yoast SEO plugin v26.9 - https:\/\/yoast.com\/product\/yoast-seo-wordpress\/ -->\n<title>Acerca de Oaklins | Oaklins Colombia: Fusiones &amp; Adquisiciones y Asesoramiento Financiero<\/title>\n<meta name=\"description\" content=\"Tenemos equipos de asesoramiento financiero en 40 pa\u00edses alrededor del mundo, listos para ayudarlo a recaudar fondos, comprar o vender una compa\u00f1\u00eda y aconsejarlo financieramente.\" \/>\n<meta name=\"robots\" content=\"index, follow, max-snippet:-1, max-image-preview:large, max-video-preview:-1\" \/>\n<meta property=\"og:locale\" content=\"es_ES\" \/>\n<meta property=\"og:type\" content=\"article\" \/>\n<meta property=\"og:title\" content=\"Acerca de Oaklins | Oaklins Colombia: Fusiones &amp; Adquisiciones y Asesoramiento Financiero\" \/>\n<meta property=\"og:description\" content=\"Tenemos equipos de asesoramiento financiero en 40 pa\u00edses alrededor del mundo, listos para ayudarlo a recaudar fondos, comprar o vender una compa\u00f1\u00eda y aconsejarlo financieramente.\" \/>\n<meta property=\"og:url\" content=\"https:\/\/www.oaklins.com\/co\/es\/wp-json\/wp\/v2\/pages\/241\/\" \/>\n<meta property=\"og:site_name\" content=\"Oaklins Colombia\" \/>\n<meta property=\"article:modified_time\" content=\"2026-02-03T17:42:55+00:00\" \/>\n<meta property=\"og:image\" content=\"https:\/\/www.oaklins.com\/uploads\/sites\/12\/2019\/12\/Oaklins.jpg\" \/>\n\t<meta property=\"og:image:width\" content=\"1920\" \/>\n\t<meta property=\"og:image:height\" content=\"1080\" \/>\n\t<meta property=\"og:image:type\" content=\"image\/jpeg\" \/>\n<meta name=\"twitter:card\" content=\"summary_large_image\" \/>\n<!-- \/ Yoast SEO plugin. -->","yoast_head_json":{"title":"Acerca de Oaklins | Oaklins Colombia: Fusiones & Adquisiciones y Asesoramiento Financiero","description":"Tenemos equipos de asesoramiento financiero en 40 pa\u00edses alrededor del mundo, listos para ayudarlo a recaudar fondos, comprar o vender una compa\u00f1\u00eda y aconsejarlo financieramente.","robots":{"index":"index","follow":"follow","max-snippet":"max-snippet:-1","max-image-preview":"max-image-preview:large","max-video-preview":"max-video-preview:-1"},"og_locale":"es_ES","og_type":"article","og_title":"Acerca de Oaklins | Oaklins Colombia: Fusiones & Adquisiciones y Asesoramiento Financiero","og_description":"Tenemos equipos de asesoramiento financiero en 40 pa\u00edses alrededor del mundo, listos para ayudarlo a recaudar fondos, comprar o vender una compa\u00f1\u00eda y aconsejarlo financieramente.","og_url":"https:\/\/www.oaklins.com\/co\/es\/wp-json\/wp\/v2\/pages\/241\/","og_site_name":"Oaklins Colombia","article_modified_time":"2026-02-03T17:42:55+00:00","og_image":[{"width":1920,"height":1080,"url":"https:\/\/www.oaklins.com\/uploads\/sites\/12\/2019\/12\/Oaklins.jpg","type":"image\/jpeg"}],"twitter_card":"summary_large_image","schema":{"@context":"https:\/\/schema.org","@graph":[{"@type":"WebPage","@id":"https:\/\/www.oaklins.com\/co\/es\/about-oaklins\/","url":"https:\/\/www.oaklins.com\/co\/es\/about-oaklins\/","name":"Acerca de Oaklins | Oaklins Colombia: Fusiones & Adquisiciones y Asesoramiento Financiero","isPartOf":{"@id":"https:\/\/www.oaklins.com\/co\/es\/#website"},"datePublished":"2019-10-30T16:40:47+00:00","dateModified":"2026-02-03T17:42:55+00:00","description":"Tenemos equipos de asesoramiento financiero en 40 pa\u00edses alrededor del mundo, listos para ayudarlo a recaudar fondos, comprar o vender una compa\u00f1\u00eda y aconsejarlo financieramente.","breadcrumb":{"@id":"https:\/\/www.oaklins.com\/co\/es\/about-oaklins\/#breadcrumb"},"inLanguage":"es-ES","potentialAction":[{"@type":"ReadAction","target":["https:\/\/www.oaklins.com\/co\/es\/about-oaklins\/"]}]},{"@type":"BreadcrumbList","@id":"https:\/\/www.oaklins.com\/co\/es\/about-oaklins\/#breadcrumb","itemListElement":[{"@type":"ListItem","position":1,"name":"Home","item":"https:\/\/www.oaklins.com\/co\/es\/"},{"@type":"ListItem","position":2,"name":"Acerca de Oaklins"}]},{"@type":"WebSite","@id":"https:\/\/www.oaklins.com\/co\/es\/#website","url":"https:\/\/www.oaklins.com\/co\/es\/","name":"Colombia","description":"","potentialAction":[{"@type":"SearchAction","target":{"@type":"EntryPoint","urlTemplate":"https:\/\/www.oaklins.com\/co\/es\/?s={search_term_string}"},"query-input":{"@type":"PropertyValueSpecification","valueRequired":true,"valueName":"search_term_string"}}],"inLanguage":"es-ES"}]}},"_links":{"self":[{"href":"https:\/\/www.oaklins.com\/co\/es\/wp-json\/wp\/v2\/pages\/241","targetHints":{"allow":["GET"]}}],"collection":[{"href":"https:\/\/www.oaklins.com\/co\/es\/wp-json\/wp\/v2\/pages"}],"about":[{"href":"https:\/\/www.oaklins.com\/co\/es\/wp-json\/wp\/v2\/types\/page"}],"author":[{"embeddable":true,"href":"https:\/\/www.oaklins.com\/co\/es\/wp-json\/wp\/v2\/users\/1"}],"replies":[{"embeddable":true,"href":"https:\/\/www.oaklins.com\/co\/es\/wp-json\/wp\/v2\/comments?post=241"}],"version-history":[{"count":14,"href":"https:\/\/www.oaklins.com\/co\/es\/wp-json\/wp\/v2\/pages\/241\/revisions"}],"predecessor-version":[{"id":846,"href":"https:\/\/www.oaklins.com\/co\/es\/wp-json\/wp\/v2\/pages\/241\/revisions\/846"}],"wp:attachment":[{"href":"https:\/\/www.oaklins.com\/co\/es\/wp-json\/wp\/v2\/media?parent=241"}],"curies":[{"name":"wp","href":"https:\/\/api.w.org\/{rel}","templated":true}]}}