{"id":1303,"date":"2024-07-03T10:58:22","date_gmt":"2024-07-03T10:58:22","guid":{"rendered":"https:\/\/www.oaklins.com\/fi\/?page_id=1303"},"modified":"2024-07-03T10:58:22","modified_gmt":"2024-07-03T10:58:22","slug":"ma-sell-side","status":"publish","type":"page","link":"https:\/\/www.oaklins.com\/fi\/sv\/what-we-do\/ma-sell-side\/","title":{"rendered":"F\u00f6retagsf\u00f6rs\u00e4ljning"},"content":{"rendered":"","protected":false},"excerpt":{"rendered":"","protected":false},"author":3,"featured_media":0,"parent":550,"menu_order":0,"comment_status":"closed","ping_status":"closed","template":"template-parts\/single-service-template.php","meta":{"_acf_changed":false,"footnotes":""},"class_list":["post-1303","page","type-page","status-publish","hentry"],"acf":[],"yoast_head":"<!-- This site is optimized with the Yoast SEO plugin v26.9 - https:\/\/yoast.com\/product\/yoast-seo-wordpress\/ -->\n<title>F\u00f6retagsf\u00f6rs\u00e4ljning | Oaklins Finland: F\u00f6retagstransaktioner p\u00e5 mellan-marknaden och finansiell r\u00e5dgivning v\u00e4rlden \u00f6ver<\/title>\n<meta name=\"robots\" content=\"index, follow, max-snippet:-1, max-image-preview:large, max-video-preview:-1\" \/>\n<meta property=\"og:locale\" content=\"sv_SE\" \/>\n<meta property=\"og:type\" content=\"article\" \/>\n<meta property=\"og:title\" content=\"F\u00f6retagsf\u00f6rs\u00e4ljning | Oaklins Finland: F\u00f6retagstransaktioner p\u00e5 mellan-marknaden och finansiell r\u00e5dgivning v\u00e4rlden \u00f6ver\" \/>\n<meta property=\"og:url\" content=\"https:\/\/www.oaklins.com\/fi\/sv\/wp-json\/wp\/v2\/pages\/1303\/\" \/>\n<meta property=\"og:site_name\" content=\"Oaklins Finland\" \/>\n<meta property=\"og:image\" content=\"https:\/\/www.oaklins.com\/uploads\/sites\/16\/2019\/12\/Oaklins.jpg\" \/>\n\t<meta property=\"og:image:width\" content=\"1920\" \/>\n\t<meta property=\"og:image:height\" content=\"1080\" \/>\n\t<meta property=\"og:image:type\" content=\"image\/jpeg\" \/>\n<meta name=\"twitter:card\" content=\"summary_large_image\" \/>\n<!-- \/ Yoast SEO plugin. -->","yoast_head_json":{"title":"F\u00f6retagsf\u00f6rs\u00e4ljning | Oaklins Finland: F\u00f6retagstransaktioner p\u00e5 mellan-marknaden och finansiell r\u00e5dgivning v\u00e4rlden \u00f6ver","robots":{"index":"index","follow":"follow","max-snippet":"max-snippet:-1","max-image-preview":"max-image-preview:large","max-video-preview":"max-video-preview:-1"},"og_locale":"sv_SE","og_type":"article","og_title":"F\u00f6retagsf\u00f6rs\u00e4ljning | Oaklins Finland: F\u00f6retagstransaktioner p\u00e5 mellan-marknaden och finansiell r\u00e5dgivning v\u00e4rlden \u00f6ver","og_url":"https:\/\/www.oaklins.com\/fi\/sv\/wp-json\/wp\/v2\/pages\/1303\/","og_site_name":"Oaklins Finland","og_image":[{"width":1920,"height":1080,"url":"https:\/\/www.oaklins.com\/uploads\/sites\/16\/2019\/12\/Oaklins.jpg","type":"image\/jpeg"}],"twitter_card":"summary_large_image","schema":{"@context":"https:\/\/schema.org","@graph":[{"@type":"WebPage","@id":"https:\/\/www.oaklins.com\/fi\/what-we-do\/ma-sell-side\/","url":"https:\/\/www.oaklins.com\/fi\/what-we-do\/ma-sell-side\/","name":"F\u00f6retagsf\u00f6rs\u00e4ljning | Oaklins Finland: F\u00f6retagstransaktioner p\u00e5 mellan-marknaden och finansiell r\u00e5dgivning v\u00e4rlden \u00f6ver","isPartOf":{"@id":"https:\/\/www.oaklins.com\/fi\/en\/#website"},"datePublished":"2024-07-03T10:58:22+00:00","breadcrumb":{"@id":"https:\/\/www.oaklins.com\/fi\/what-we-do\/ma-sell-side\/#breadcrumb"},"inLanguage":"sv-SE","potentialAction":[{"@type":"ReadAction","target":["https:\/\/www.oaklins.com\/fi\/what-we-do\/ma-sell-side\/"]}]},{"@type":"BreadcrumbList","@id":"https:\/\/www.oaklins.com\/fi\/what-we-do\/ma-sell-side\/#breadcrumb","itemListElement":[{"@type":"ListItem","position":1,"name":"Home","item":"https:\/\/www.oaklins.com\/fi\/sv\/"},{"@type":"ListItem","position":2,"name":"Vad vi g\u00f6r","item":"https:\/\/www.oaklins.com\/fi\/sv\/what-we-do\/"},{"@type":"ListItem","position":3,"name":"F\u00f6retagsf\u00f6rs\u00e4ljning"}]},{"@type":"WebSite","@id":"https:\/\/www.oaklins.com\/fi\/en\/#website","url":"https:\/\/www.oaklins.com\/fi\/en\/","name":"Finland","description":"","potentialAction":[{"@type":"SearchAction","target":{"@type":"EntryPoint","urlTemplate":"https:\/\/www.oaklins.com\/fi\/en\/?s={search_term_string}"},"query-input":{"@type":"PropertyValueSpecification","valueRequired":true,"valueName":"search_term_string"}}],"inLanguage":"sv-SE"}]}},"_links":{"self":[{"href":"https:\/\/www.oaklins.com\/fi\/sv\/wp-json\/wp\/v2\/pages\/1303","targetHints":{"allow":["GET"]}}],"collection":[{"href":"https:\/\/www.oaklins.com\/fi\/sv\/wp-json\/wp\/v2\/pages"}],"about":[{"href":"https:\/\/www.oaklins.com\/fi\/sv\/wp-json\/wp\/v2\/types\/page"}],"author":[{"embeddable":true,"href":"https:\/\/www.oaklins.com\/fi\/sv\/wp-json\/wp\/v2\/users\/3"}],"replies":[{"embeddable":true,"href":"https:\/\/www.oaklins.com\/fi\/sv\/wp-json\/wp\/v2\/comments?post=1303"}],"version-history":[{"count":2,"href":"https:\/\/www.oaklins.com\/fi\/sv\/wp-json\/wp\/v2\/pages\/1303\/revisions"}],"predecessor-version":[{"id":1309,"href":"https:\/\/www.oaklins.com\/fi\/sv\/wp-json\/wp\/v2\/pages\/1303\/revisions\/1309"}],"up":[{"embeddable":true,"href":"https:\/\/www.oaklins.com\/fi\/sv\/wp-json\/wp\/v2\/pages\/550"}],"wp:attachment":[{"href":"https:\/\/www.oaklins.com\/fi\/sv\/wp-json\/wp\/v2\/media?parent=1303"}],"curies":[{"name":"wp","href":"https:\/\/api.w.org\/{rel}","templated":true}]}}