{"id":501,"date":"2019-10-29T17:39:20","date_gmt":"2019-10-29T17:39:20","guid":{"rendered":"https:\/\/www.oaklins.com\/fi\/deals\/"},"modified":"2025-09-10T15:41:05","modified_gmt":"2025-09-10T15:41:05","slug":"deals","status":"publish","type":"page","link":"https:\/\/www.oaklins.com\/fi\/sv\/deals\/","title":{"rendered":"Aff\u00e4rer"},"content":{"rendered":"","protected":false},"excerpt":{"rendered":"","protected":false},"author":1,"featured_media":0,"parent":0,"menu_order":0,"comment_status":"closed","ping_status":"closed","template":"","meta":{"_acf_changed":false,"footnotes":""},"class_list":["post-501","page","type-page","status-publish","hentry"],"acf":[],"yoast_head":"<!-- This site is optimized with the Yoast SEO plugin v26.9 - https:\/\/yoast.com\/product\/yoast-seo-wordpress\/ -->\n<title>Aff\u00e4rer | Oaklins Finland: F\u00f6retagstransaktioner p\u00e5 mellan-marknaden och finansiell r\u00e5dgivning v\u00e4rlden \u00f6ver<\/title>\n<meta name=\"description\" content=\"Efter tusentals framg\u00e5ngsrika f\u00f6retagsaff\u00e4rer, b\u00e5de inrikes och utomlands, \u00e4r v\u00e5rt engagemang f\u00f6r att hj\u00e4lpa f\u00f6retag p\u00e5 mellan-marknaden att n\u00e5 extraordin\u00e4ra resultat starkare \u00e4n n\u00e5gonsin.\" \/>\n<meta name=\"robots\" content=\"index, follow, max-snippet:-1, max-image-preview:large, max-video-preview:-1\" \/>\n<meta property=\"og:locale\" content=\"sv_SE\" \/>\n<meta property=\"og:type\" content=\"article\" \/>\n<meta property=\"og:title\" content=\"Aff\u00e4rer | Oaklins Finland: F\u00f6retagstransaktioner p\u00e5 mellan-marknaden och finansiell r\u00e5dgivning v\u00e4rlden \u00f6ver\" \/>\n<meta property=\"og:description\" content=\"Efter tusentals framg\u00e5ngsrika f\u00f6retagsaff\u00e4rer, b\u00e5de inrikes och utomlands, \u00e4r v\u00e5rt engagemang f\u00f6r att hj\u00e4lpa f\u00f6retag p\u00e5 mellan-marknaden att n\u00e5 extraordin\u00e4ra resultat starkare \u00e4n n\u00e5gonsin.\" \/>\n<meta property=\"og:url\" content=\"https:\/\/www.oaklins.com\/fi\/sv\/wp-json\/wp\/v2\/pages\/501\/\" \/>\n<meta property=\"og:site_name\" content=\"Oaklins Finland\" \/>\n<meta property=\"article:modified_time\" content=\"2025-09-10T15:41:05+00:00\" \/>\n<meta property=\"og:image\" content=\"https:\/\/www.oaklins.com\/uploads\/sites\/16\/2019\/12\/Oaklins.jpg\" \/>\n\t<meta property=\"og:image:width\" content=\"1920\" \/>\n\t<meta property=\"og:image:height\" content=\"1080\" \/>\n\t<meta property=\"og:image:type\" content=\"image\/jpeg\" \/>\n<meta name=\"twitter:card\" content=\"summary_large_image\" \/>\n<!-- \/ Yoast SEO plugin. -->","yoast_head_json":{"title":"Aff\u00e4rer | Oaklins Finland: F\u00f6retagstransaktioner p\u00e5 mellan-marknaden och finansiell r\u00e5dgivning v\u00e4rlden \u00f6ver","description":"Efter tusentals framg\u00e5ngsrika f\u00f6retagsaff\u00e4rer, b\u00e5de inrikes och utomlands, \u00e4r v\u00e5rt engagemang f\u00f6r att hj\u00e4lpa f\u00f6retag p\u00e5 mellan-marknaden att n\u00e5 extraordin\u00e4ra resultat starkare \u00e4n n\u00e5gonsin.","robots":{"index":"index","follow":"follow","max-snippet":"max-snippet:-1","max-image-preview":"max-image-preview:large","max-video-preview":"max-video-preview:-1"},"og_locale":"sv_SE","og_type":"article","og_title":"Aff\u00e4rer | Oaklins Finland: F\u00f6retagstransaktioner p\u00e5 mellan-marknaden och finansiell r\u00e5dgivning v\u00e4rlden \u00f6ver","og_description":"Efter tusentals framg\u00e5ngsrika f\u00f6retagsaff\u00e4rer, b\u00e5de inrikes och utomlands, \u00e4r v\u00e5rt engagemang f\u00f6r att hj\u00e4lpa f\u00f6retag p\u00e5 mellan-marknaden att n\u00e5 extraordin\u00e4ra resultat starkare \u00e4n n\u00e5gonsin.","og_url":"https:\/\/www.oaklins.com\/fi\/sv\/wp-json\/wp\/v2\/pages\/501\/","og_site_name":"Oaklins Finland","article_modified_time":"2025-09-10T15:41:05+00:00","og_image":[{"width":1920,"height":1080,"url":"https:\/\/www.oaklins.com\/uploads\/sites\/16\/2019\/12\/Oaklins.jpg","type":"image\/jpeg"}],"twitter_card":"summary_large_image","schema":{"@context":"https:\/\/schema.org","@graph":[{"@type":"WebPage","@id":"https:\/\/www.oaklins.com\/fi\/sv\/deals\/","url":"https:\/\/www.oaklins.com\/fi\/sv\/deals\/","name":"Aff\u00e4rer | Oaklins Finland: F\u00f6retagstransaktioner p\u00e5 mellan-marknaden och finansiell r\u00e5dgivning v\u00e4rlden \u00f6ver","isPartOf":{"@id":"https:\/\/www.oaklins.com\/fi\/en\/#website"},"datePublished":"2019-10-29T17:39:20+00:00","dateModified":"2025-09-10T15:41:05+00:00","description":"Efter tusentals framg\u00e5ngsrika f\u00f6retagsaff\u00e4rer, b\u00e5de inrikes och utomlands, \u00e4r v\u00e5rt engagemang f\u00f6r att hj\u00e4lpa f\u00f6retag p\u00e5 mellan-marknaden att n\u00e5 extraordin\u00e4ra resultat starkare \u00e4n n\u00e5gonsin.","breadcrumb":{"@id":"https:\/\/www.oaklins.com\/fi\/sv\/deals\/#breadcrumb"},"inLanguage":"sv-SE","potentialAction":[{"@type":"ReadAction","target":["https:\/\/www.oaklins.com\/fi\/sv\/deals\/"]}]},{"@type":"BreadcrumbList","@id":"https:\/\/www.oaklins.com\/fi\/sv\/deals\/#breadcrumb","itemListElement":[{"@type":"ListItem","position":1,"name":"Home","item":"https:\/\/www.oaklins.com\/fi\/sv\/"},{"@type":"ListItem","position":2,"name":"Aff\u00e4rer"}]},{"@type":"WebSite","@id":"https:\/\/www.oaklins.com\/fi\/en\/#website","url":"https:\/\/www.oaklins.com\/fi\/en\/","name":"Finland","description":"","potentialAction":[{"@type":"SearchAction","target":{"@type":"EntryPoint","urlTemplate":"https:\/\/www.oaklins.com\/fi\/en\/?s={search_term_string}"},"query-input":{"@type":"PropertyValueSpecification","valueRequired":true,"valueName":"search_term_string"}}],"inLanguage":"sv-SE"}]}},"_links":{"self":[{"href":"https:\/\/www.oaklins.com\/fi\/sv\/wp-json\/wp\/v2\/pages\/501","targetHints":{"allow":["GET"]}}],"collection":[{"href":"https:\/\/www.oaklins.com\/fi\/sv\/wp-json\/wp\/v2\/pages"}],"about":[{"href":"https:\/\/www.oaklins.com\/fi\/sv\/wp-json\/wp\/v2\/types\/page"}],"author":[{"embeddable":true,"href":"https:\/\/www.oaklins.com\/fi\/sv\/wp-json\/wp\/v2\/users\/1"}],"replies":[{"embeddable":true,"href":"https:\/\/www.oaklins.com\/fi\/sv\/wp-json\/wp\/v2\/comments?post=501"}],"version-history":[{"count":5,"href":"https:\/\/www.oaklins.com\/fi\/sv\/wp-json\/wp\/v2\/pages\/501\/revisions"}],"predecessor-version":[{"id":1444,"href":"https:\/\/www.oaklins.com\/fi\/sv\/wp-json\/wp\/v2\/pages\/501\/revisions\/1444"}],"wp:attachment":[{"href":"https:\/\/www.oaklins.com\/fi\/sv\/wp-json\/wp\/v2\/media?parent=501"}],"curies":[{"name":"wp","href":"https:\/\/api.w.org\/{rel}","templated":true}]}}