{"id":504,"date":"2019-10-29T18:50:42","date_gmt":"2019-10-29T18:50:42","guid":{"rendered":"https:\/\/www.oaklins.com\/fi\/contact\/"},"modified":"2024-01-29T16:29:02","modified_gmt":"2024-01-29T16:29:02","slug":"contact","status":"publish","type":"page","link":"https:\/\/www.oaklins.com\/fi\/sv\/contact\/","title":{"rendered":"Kontakt"},"content":{"rendered":"","protected":false},"excerpt":{"rendered":"","protected":false},"author":1,"featured_media":0,"parent":0,"menu_order":0,"comment_status":"closed","ping_status":"closed","template":"template-parts\/contact-template.php","meta":{"_acf_changed":false,"footnotes":""},"class_list":["post-504","page","type-page","status-publish","hentry"],"acf":[],"yoast_head":"<!-- This site is optimized with the Yoast SEO plugin v26.9 - https:\/\/yoast.com\/product\/yoast-seo-wordpress\/ -->\n<title>Kontakta v\u00e5ra r\u00e5dgivare | Oaklins Finland: F\u00f6retagstransaktioner p\u00e5 mellan-marknaden och finansiell r\u00e5dgivning v\u00e4rlden \u00f6ver<\/title>\n<meta name=\"description\" content=\"Som er M&amp;A-r\u00e5dgivare arbetar vi h\u00e4ngivet f\u00f6r att hj\u00e4lpa er att inf\u00f6rskaffa kapital och f\u00f6rv\u00e4rva eller s\u00e4lja verksamheter \u2013 fr\u00e5n er lokala marknad till v\u00e4rldens ledande ekonomier.\" \/>\n<meta name=\"robots\" content=\"index, follow, max-snippet:-1, max-image-preview:large, max-video-preview:-1\" \/>\n<meta property=\"og:locale\" content=\"sv_SE\" \/>\n<meta property=\"og:type\" content=\"article\" \/>\n<meta property=\"og:title\" content=\"Kontakta v\u00e5ra r\u00e5dgivare | Oaklins Finland: F\u00f6retagstransaktioner p\u00e5 mellan-marknaden och finansiell r\u00e5dgivning v\u00e4rlden \u00f6ver\" \/>\n<meta property=\"og:description\" content=\"Som er M&amp;A-r\u00e5dgivare arbetar vi h\u00e4ngivet f\u00f6r att hj\u00e4lpa er att inf\u00f6rskaffa kapital och f\u00f6rv\u00e4rva eller s\u00e4lja verksamheter \u2013 fr\u00e5n er lokala marknad till v\u00e4rldens ledande ekonomier.\" \/>\n<meta property=\"og:url\" content=\"https:\/\/www.oaklins.com\/fi\/sv\/wp-json\/wp\/v2\/pages\/504\/\" \/>\n<meta property=\"og:site_name\" content=\"Oaklins Finland\" \/>\n<meta property=\"article:modified_time\" content=\"2024-01-29T16:29:02+00:00\" \/>\n<meta property=\"og:image\" content=\"https:\/\/www.oaklins.com\/uploads\/sites\/16\/2019\/12\/Oaklins.jpg\" \/>\n\t<meta property=\"og:image:width\" content=\"1920\" \/>\n\t<meta property=\"og:image:height\" content=\"1080\" \/>\n\t<meta property=\"og:image:type\" content=\"image\/jpeg\" \/>\n<meta name=\"twitter:card\" content=\"summary_large_image\" \/>\n<!-- \/ Yoast SEO plugin. -->","yoast_head_json":{"title":"Kontakta v\u00e5ra r\u00e5dgivare | Oaklins Finland: F\u00f6retagstransaktioner p\u00e5 mellan-marknaden och finansiell r\u00e5dgivning v\u00e4rlden \u00f6ver","description":"Som er M&A-r\u00e5dgivare arbetar vi h\u00e4ngivet f\u00f6r att hj\u00e4lpa er att inf\u00f6rskaffa kapital och f\u00f6rv\u00e4rva eller s\u00e4lja verksamheter \u2013 fr\u00e5n er lokala marknad till v\u00e4rldens ledande ekonomier.","robots":{"index":"index","follow":"follow","max-snippet":"max-snippet:-1","max-image-preview":"max-image-preview:large","max-video-preview":"max-video-preview:-1"},"og_locale":"sv_SE","og_type":"article","og_title":"Kontakta v\u00e5ra r\u00e5dgivare | Oaklins Finland: F\u00f6retagstransaktioner p\u00e5 mellan-marknaden och finansiell r\u00e5dgivning v\u00e4rlden \u00f6ver","og_description":"Som er M&A-r\u00e5dgivare arbetar vi h\u00e4ngivet f\u00f6r att hj\u00e4lpa er att inf\u00f6rskaffa kapital och f\u00f6rv\u00e4rva eller s\u00e4lja verksamheter \u2013 fr\u00e5n er lokala marknad till v\u00e4rldens ledande ekonomier.","og_url":"https:\/\/www.oaklins.com\/fi\/sv\/wp-json\/wp\/v2\/pages\/504\/","og_site_name":"Oaklins Finland","article_modified_time":"2024-01-29T16:29:02+00:00","og_image":[{"width":1920,"height":1080,"url":"https:\/\/www.oaklins.com\/uploads\/sites\/16\/2019\/12\/Oaklins.jpg","type":"image\/jpeg"}],"twitter_card":"summary_large_image","schema":{"@context":"https:\/\/schema.org","@graph":[{"@type":"WebPage","@id":"https:\/\/www.oaklins.com\/fi\/sv\/contact\/","url":"https:\/\/www.oaklins.com\/fi\/sv\/contact\/","name":"Kontakta v\u00e5ra r\u00e5dgivare | Oaklins Finland: F\u00f6retagstransaktioner p\u00e5 mellan-marknaden och finansiell r\u00e5dgivning v\u00e4rlden \u00f6ver","isPartOf":{"@id":"https:\/\/www.oaklins.com\/fi\/en\/#website"},"datePublished":"2019-10-29T18:50:42+00:00","dateModified":"2024-01-29T16:29:02+00:00","description":"Som er M&A-r\u00e5dgivare arbetar vi h\u00e4ngivet f\u00f6r att hj\u00e4lpa er att inf\u00f6rskaffa kapital och f\u00f6rv\u00e4rva eller s\u00e4lja verksamheter \u2013 fr\u00e5n er lokala marknad till v\u00e4rldens ledande ekonomier.","breadcrumb":{"@id":"https:\/\/www.oaklins.com\/fi\/sv\/contact\/#breadcrumb"},"inLanguage":"sv-SE","potentialAction":[{"@type":"ReadAction","target":["https:\/\/www.oaklins.com\/fi\/sv\/contact\/"]}]},{"@type":"BreadcrumbList","@id":"https:\/\/www.oaklins.com\/fi\/sv\/contact\/#breadcrumb","itemListElement":[{"@type":"ListItem","position":1,"name":"Home","item":"https:\/\/www.oaklins.com\/fi\/sv\/"},{"@type":"ListItem","position":2,"name":"Kontakt"}]},{"@type":"WebSite","@id":"https:\/\/www.oaklins.com\/fi\/en\/#website","url":"https:\/\/www.oaklins.com\/fi\/en\/","name":"Finland","description":"","potentialAction":[{"@type":"SearchAction","target":{"@type":"EntryPoint","urlTemplate":"https:\/\/www.oaklins.com\/fi\/en\/?s={search_term_string}"},"query-input":{"@type":"PropertyValueSpecification","valueRequired":true,"valueName":"search_term_string"}}],"inLanguage":"sv-SE"}]}},"_links":{"self":[{"href":"https:\/\/www.oaklins.com\/fi\/sv\/wp-json\/wp\/v2\/pages\/504","targetHints":{"allow":["GET"]}}],"collection":[{"href":"https:\/\/www.oaklins.com\/fi\/sv\/wp-json\/wp\/v2\/pages"}],"about":[{"href":"https:\/\/www.oaklins.com\/fi\/sv\/wp-json\/wp\/v2\/types\/page"}],"author":[{"embeddable":true,"href":"https:\/\/www.oaklins.com\/fi\/sv\/wp-json\/wp\/v2\/users\/1"}],"replies":[{"embeddable":true,"href":"https:\/\/www.oaklins.com\/fi\/sv\/wp-json\/wp\/v2\/comments?post=504"}],"version-history":[{"count":3,"href":"https:\/\/www.oaklins.com\/fi\/sv\/wp-json\/wp\/v2\/pages\/504\/revisions"}],"predecessor-version":[{"id":968,"href":"https:\/\/www.oaklins.com\/fi\/sv\/wp-json\/wp\/v2\/pages\/504\/revisions\/968"}],"wp:attachment":[{"href":"https:\/\/www.oaklins.com\/fi\/sv\/wp-json\/wp\/v2\/media?parent=504"}],"curies":[{"name":"wp","href":"https:\/\/api.w.org\/{rel}","templated":true}]}}