{"id":506,"date":"2019-10-30T16:40:47","date_gmt":"2019-10-30T16:40:47","guid":{"rendered":"https:\/\/www.oaklins.com\/fi\/about-oaklins\/"},"modified":"2026-02-03T17:41:45","modified_gmt":"2026-02-03T17:41:45","slug":"about-oaklins","status":"publish","type":"page","link":"https:\/\/www.oaklins.com\/fi\/sv\/about-oaklins\/","title":{"rendered":"Om Oaklins"},"content":{"rendered":"","protected":false},"excerpt":{"rendered":"","protected":false},"author":1,"featured_media":0,"parent":0,"menu_order":0,"comment_status":"closed","ping_status":"closed","template":"template-parts\/fullpage-template.php","meta":{"_acf_changed":false,"footnotes":""},"class_list":["post-506","page","type-page","status-publish","hentry"],"acf":[],"yoast_head":"<!-- This site is optimized with the Yoast SEO plugin v26.9 - https:\/\/yoast.com\/product\/yoast-seo-wordpress\/ -->\n<title>Om oss | Oaklins Finland: F\u00f6retagstransaktioner p\u00e5 mellan-marknaden och finansiell r\u00e5dgivning v\u00e4rlden \u00f6ver<\/title>\n<meta name=\"description\" content=\"Vi har M&amp;A-r\u00e5dgivare i \u00f6ver 40 l\u00e4nder v\u00e4rlden \u00f6ver som \u00e4r redo att hj\u00e4lpa dig inf\u00f6rskaffa kapital, f\u00f6rv\u00e4rva f\u00f6retag, avyttra din verksamhet och ge dig professionell finansiell r\u00e5dgivning.\" \/>\n<meta name=\"robots\" content=\"index, follow, max-snippet:-1, max-image-preview:large, max-video-preview:-1\" \/>\n<meta property=\"og:locale\" content=\"sv_SE\" \/>\n<meta property=\"og:type\" content=\"article\" \/>\n<meta property=\"og:title\" content=\"Om oss | Oaklins Finland: F\u00f6retagstransaktioner p\u00e5 mellan-marknaden och finansiell r\u00e5dgivning v\u00e4rlden \u00f6ver\" \/>\n<meta property=\"og:description\" content=\"Vi har M&amp;A-r\u00e5dgivare i \u00f6ver 40 l\u00e4nder v\u00e4rlden \u00f6ver som \u00e4r redo att hj\u00e4lpa dig inf\u00f6rskaffa kapital, f\u00f6rv\u00e4rva f\u00f6retag, avyttra din verksamhet och ge dig professionell finansiell r\u00e5dgivning.\" \/>\n<meta property=\"og:url\" content=\"https:\/\/www.oaklins.com\/fi\/sv\/wp-json\/wp\/v2\/pages\/506\/\" \/>\n<meta property=\"og:site_name\" content=\"Oaklins Finland\" \/>\n<meta property=\"article:modified_time\" content=\"2026-02-03T17:41:45+00:00\" \/>\n<meta property=\"og:image\" content=\"https:\/\/www.oaklins.com\/uploads\/sites\/16\/2019\/12\/Oaklins.jpg\" \/>\n\t<meta property=\"og:image:width\" content=\"1920\" \/>\n\t<meta property=\"og:image:height\" content=\"1080\" \/>\n\t<meta property=\"og:image:type\" content=\"image\/jpeg\" \/>\n<meta name=\"twitter:card\" content=\"summary_large_image\" \/>\n<!-- \/ Yoast SEO plugin. -->","yoast_head_json":{"title":"Om oss | Oaklins Finland: F\u00f6retagstransaktioner p\u00e5 mellan-marknaden och finansiell r\u00e5dgivning v\u00e4rlden \u00f6ver","description":"Vi har M&A-r\u00e5dgivare i \u00f6ver 40 l\u00e4nder v\u00e4rlden \u00f6ver som \u00e4r redo att hj\u00e4lpa dig inf\u00f6rskaffa kapital, f\u00f6rv\u00e4rva f\u00f6retag, avyttra din verksamhet och ge dig professionell finansiell r\u00e5dgivning.","robots":{"index":"index","follow":"follow","max-snippet":"max-snippet:-1","max-image-preview":"max-image-preview:large","max-video-preview":"max-video-preview:-1"},"og_locale":"sv_SE","og_type":"article","og_title":"Om oss | Oaklins Finland: F\u00f6retagstransaktioner p\u00e5 mellan-marknaden och finansiell r\u00e5dgivning v\u00e4rlden \u00f6ver","og_description":"Vi har M&A-r\u00e5dgivare i \u00f6ver 40 l\u00e4nder v\u00e4rlden \u00f6ver som \u00e4r redo att hj\u00e4lpa dig inf\u00f6rskaffa kapital, f\u00f6rv\u00e4rva f\u00f6retag, avyttra din verksamhet och ge dig professionell finansiell r\u00e5dgivning.","og_url":"https:\/\/www.oaklins.com\/fi\/sv\/wp-json\/wp\/v2\/pages\/506\/","og_site_name":"Oaklins Finland","article_modified_time":"2026-02-03T17:41:45+00:00","og_image":[{"width":1920,"height":1080,"url":"https:\/\/www.oaklins.com\/uploads\/sites\/16\/2019\/12\/Oaklins.jpg","type":"image\/jpeg"}],"twitter_card":"summary_large_image","schema":{"@context":"https:\/\/schema.org","@graph":[{"@type":"WebPage","@id":"https:\/\/www.oaklins.com\/fi\/sv\/about-oaklins\/","url":"https:\/\/www.oaklins.com\/fi\/sv\/about-oaklins\/","name":"Om oss | Oaklins Finland: F\u00f6retagstransaktioner p\u00e5 mellan-marknaden och finansiell r\u00e5dgivning v\u00e4rlden \u00f6ver","isPartOf":{"@id":"https:\/\/www.oaklins.com\/fi\/en\/#website"},"datePublished":"2019-10-30T16:40:47+00:00","dateModified":"2026-02-03T17:41:45+00:00","description":"Vi har M&A-r\u00e5dgivare i \u00f6ver 40 l\u00e4nder v\u00e4rlden \u00f6ver som \u00e4r redo att hj\u00e4lpa dig inf\u00f6rskaffa kapital, f\u00f6rv\u00e4rva f\u00f6retag, avyttra din verksamhet och ge dig professionell finansiell r\u00e5dgivning.","breadcrumb":{"@id":"https:\/\/www.oaklins.com\/fi\/sv\/about-oaklins\/#breadcrumb"},"inLanguage":"sv-SE","potentialAction":[{"@type":"ReadAction","target":["https:\/\/www.oaklins.com\/fi\/sv\/about-oaklins\/"]}]},{"@type":"BreadcrumbList","@id":"https:\/\/www.oaklins.com\/fi\/sv\/about-oaklins\/#breadcrumb","itemListElement":[{"@type":"ListItem","position":1,"name":"Home","item":"https:\/\/www.oaklins.com\/fi\/sv\/"},{"@type":"ListItem","position":2,"name":"Om Oaklins"}]},{"@type":"WebSite","@id":"https:\/\/www.oaklins.com\/fi\/en\/#website","url":"https:\/\/www.oaklins.com\/fi\/en\/","name":"Finland","description":"","potentialAction":[{"@type":"SearchAction","target":{"@type":"EntryPoint","urlTemplate":"https:\/\/www.oaklins.com\/fi\/en\/?s={search_term_string}"},"query-input":{"@type":"PropertyValueSpecification","valueRequired":true,"valueName":"search_term_string"}}],"inLanguage":"sv-SE"}]}},"_links":{"self":[{"href":"https:\/\/www.oaklins.com\/fi\/sv\/wp-json\/wp\/v2\/pages\/506","targetHints":{"allow":["GET"]}}],"collection":[{"href":"https:\/\/www.oaklins.com\/fi\/sv\/wp-json\/wp\/v2\/pages"}],"about":[{"href":"https:\/\/www.oaklins.com\/fi\/sv\/wp-json\/wp\/v2\/types\/page"}],"author":[{"embeddable":true,"href":"https:\/\/www.oaklins.com\/fi\/sv\/wp-json\/wp\/v2\/users\/1"}],"replies":[{"embeddable":true,"href":"https:\/\/www.oaklins.com\/fi\/sv\/wp-json\/wp\/v2\/comments?post=506"}],"version-history":[{"count":13,"href":"https:\/\/www.oaklins.com\/fi\/sv\/wp-json\/wp\/v2\/pages\/506\/revisions"}],"predecessor-version":[{"id":1492,"href":"https:\/\/www.oaklins.com\/fi\/sv\/wp-json\/wp\/v2\/pages\/506\/revisions\/1492"}],"wp:attachment":[{"href":"https:\/\/www.oaklins.com\/fi\/sv\/wp-json\/wp\/v2\/media?parent=506"}],"curies":[{"name":"wp","href":"https:\/\/api.w.org\/{rel}","templated":true}]}}