{"id":541,"date":"2020-07-06T14:18:04","date_gmt":"2020-07-06T14:18:04","guid":{"rendered":"https:\/\/www.oaklins.com\/fi\/oaklins-internationals-executive-committee\/"},"modified":"2026-01-05T10:36:32","modified_gmt":"2026-01-05T10:36:32","slug":"oaklins-internationals-executive-committee","status":"publish","type":"page","link":"https:\/\/www.oaklins.com\/fi\/sv\/oaklins-internationals-executive-committee\/","title":{"rendered":"Oaklins Internationals verkst\u00e4llande kommitt\u00e9"},"content":{"rendered":"","protected":false},"excerpt":{"rendered":"","protected":false},"author":1,"featured_media":0,"parent":0,"menu_order":0,"comment_status":"closed","ping_status":"closed","template":"","meta":{"_acf_changed":false,"footnotes":""},"class_list":["post-541","page","type-page","status-publish","hentry"],"acf":[],"yoast_head":"<!-- This site is optimized with the Yoast SEO plugin v26.9 - https:\/\/yoast.com\/product\/yoast-seo-wordpress\/ -->\n<title>Oaklins Internationals verkst\u00e4llande kommitt\u00e9 | Om oss | Oaklins Finland: F\u00f6retagstransaktioner p\u00e5 mellan-marknaden och finansiell r\u00e5dgivning v\u00e4rlden \u00f6ver<\/title>\n<meta name=\"description\" content=\"En roterande verkst\u00e4llande kommitt\u00e9 som best\u00e5r utav 10 utvalda representanter fr\u00e5n de olika firmorna v\u00e4rlden \u00f6ver ansvarar f\u00f6r att verkst\u00e4lla organisationens l\u00e5ngsiktiga strategi. Oaklins International drivs av entreprenr\u00f6rer som vet vad som kr\u00e4vs f\u00f6r att bygga upp framg\u00e5ngsrika organisationer.\" \/>\n<meta name=\"robots\" content=\"index, follow, max-snippet:-1, max-image-preview:large, max-video-preview:-1\" \/>\n<meta property=\"og:locale\" content=\"sv_SE\" \/>\n<meta property=\"og:type\" content=\"article\" \/>\n<meta property=\"og:title\" content=\"Oaklins Internationals verkst\u00e4llande kommitt\u00e9 | Om oss | Oaklins Finland: F\u00f6retagstransaktioner p\u00e5 mellan-marknaden och finansiell r\u00e5dgivning v\u00e4rlden \u00f6ver\" \/>\n<meta property=\"og:description\" content=\"En roterande verkst\u00e4llande kommitt\u00e9 som best\u00e5r utav 10 utvalda representanter fr\u00e5n de olika firmorna v\u00e4rlden \u00f6ver ansvarar f\u00f6r att verkst\u00e4lla organisationens l\u00e5ngsiktiga strategi. Oaklins International drivs av entreprenr\u00f6rer som vet vad som kr\u00e4vs f\u00f6r att bygga upp framg\u00e5ngsrika organisationer.\" \/>\n<meta property=\"og:url\" content=\"https:\/\/www.oaklins.com\/fi\/sv\/wp-json\/wp\/v2\/pages\/541\/\" \/>\n<meta property=\"og:site_name\" content=\"Oaklins Finland\" \/>\n<meta property=\"article:modified_time\" content=\"2026-01-05T10:36:32+00:00\" \/>\n<meta property=\"og:image\" content=\"https:\/\/www.oaklins.com\/uploads\/sites\/16\/2019\/12\/Oaklins.jpg\" \/>\n\t<meta property=\"og:image:width\" content=\"1920\" \/>\n\t<meta property=\"og:image:height\" content=\"1080\" \/>\n\t<meta property=\"og:image:type\" content=\"image\/jpeg\" \/>\n<meta name=\"twitter:card\" content=\"summary_large_image\" \/>\n<!-- \/ Yoast SEO plugin. -->","yoast_head_json":{"title":"Oaklins Internationals verkst\u00e4llande kommitt\u00e9 | Om oss | Oaklins Finland: F\u00f6retagstransaktioner p\u00e5 mellan-marknaden och finansiell r\u00e5dgivning v\u00e4rlden \u00f6ver","description":"En roterande verkst\u00e4llande kommitt\u00e9 som best\u00e5r utav 10 utvalda representanter fr\u00e5n de olika firmorna v\u00e4rlden \u00f6ver ansvarar f\u00f6r att verkst\u00e4lla organisationens l\u00e5ngsiktiga strategi. Oaklins International drivs av entreprenr\u00f6rer som vet vad som kr\u00e4vs f\u00f6r att bygga upp framg\u00e5ngsrika organisationer.","robots":{"index":"index","follow":"follow","max-snippet":"max-snippet:-1","max-image-preview":"max-image-preview:large","max-video-preview":"max-video-preview:-1"},"og_locale":"sv_SE","og_type":"article","og_title":"Oaklins Internationals verkst\u00e4llande kommitt\u00e9 | Om oss | Oaklins Finland: F\u00f6retagstransaktioner p\u00e5 mellan-marknaden och finansiell r\u00e5dgivning v\u00e4rlden \u00f6ver","og_description":"En roterande verkst\u00e4llande kommitt\u00e9 som best\u00e5r utav 10 utvalda representanter fr\u00e5n de olika firmorna v\u00e4rlden \u00f6ver ansvarar f\u00f6r att verkst\u00e4lla organisationens l\u00e5ngsiktiga strategi. Oaklins International drivs av entreprenr\u00f6rer som vet vad som kr\u00e4vs f\u00f6r att bygga upp framg\u00e5ngsrika organisationer.","og_url":"https:\/\/www.oaklins.com\/fi\/sv\/wp-json\/wp\/v2\/pages\/541\/","og_site_name":"Oaklins Finland","article_modified_time":"2026-01-05T10:36:32+00:00","og_image":[{"width":1920,"height":1080,"url":"https:\/\/www.oaklins.com\/uploads\/sites\/16\/2019\/12\/Oaklins.jpg","type":"image\/jpeg"}],"twitter_card":"summary_large_image","schema":{"@context":"https:\/\/schema.org","@graph":[{"@type":"WebPage","@id":"https:\/\/www.oaklins.com\/fi\/sv\/oaklins-internationals-executive-committee\/","url":"https:\/\/www.oaklins.com\/fi\/sv\/oaklins-internationals-executive-committee\/","name":"Oaklins Internationals verkst\u00e4llande kommitt\u00e9 | Om oss | Oaklins Finland: F\u00f6retagstransaktioner p\u00e5 mellan-marknaden och finansiell r\u00e5dgivning v\u00e4rlden \u00f6ver","isPartOf":{"@id":"https:\/\/www.oaklins.com\/fi\/en\/#website"},"datePublished":"2020-07-06T14:18:04+00:00","dateModified":"2026-01-05T10:36:32+00:00","description":"En roterande verkst\u00e4llande kommitt\u00e9 som best\u00e5r utav 10 utvalda representanter fr\u00e5n de olika firmorna v\u00e4rlden \u00f6ver ansvarar f\u00f6r att verkst\u00e4lla organisationens l\u00e5ngsiktiga strategi. Oaklins International drivs av entreprenr\u00f6rer som vet vad som kr\u00e4vs f\u00f6r att bygga upp framg\u00e5ngsrika organisationer.","breadcrumb":{"@id":"https:\/\/www.oaklins.com\/fi\/sv\/oaklins-internationals-executive-committee\/#breadcrumb"},"inLanguage":"sv-SE","potentialAction":[{"@type":"ReadAction","target":["https:\/\/www.oaklins.com\/fi\/sv\/oaklins-internationals-executive-committee\/"]}]},{"@type":"BreadcrumbList","@id":"https:\/\/www.oaklins.com\/fi\/sv\/oaklins-internationals-executive-committee\/#breadcrumb","itemListElement":[{"@type":"ListItem","position":1,"name":"Home","item":"https:\/\/www.oaklins.com\/fi\/sv\/"},{"@type":"ListItem","position":2,"name":"Oaklins Internationals verkst\u00e4llande kommitt\u00e9"}]},{"@type":"WebSite","@id":"https:\/\/www.oaklins.com\/fi\/en\/#website","url":"https:\/\/www.oaklins.com\/fi\/en\/","name":"Finland","description":"","potentialAction":[{"@type":"SearchAction","target":{"@type":"EntryPoint","urlTemplate":"https:\/\/www.oaklins.com\/fi\/en\/?s={search_term_string}"},"query-input":{"@type":"PropertyValueSpecification","valueRequired":true,"valueName":"search_term_string"}}],"inLanguage":"sv-SE"}]}},"_links":{"self":[{"href":"https:\/\/www.oaklins.com\/fi\/sv\/wp-json\/wp\/v2\/pages\/541","targetHints":{"allow":["GET"]}}],"collection":[{"href":"https:\/\/www.oaklins.com\/fi\/sv\/wp-json\/wp\/v2\/pages"}],"about":[{"href":"https:\/\/www.oaklins.com\/fi\/sv\/wp-json\/wp\/v2\/types\/page"}],"author":[{"embeddable":true,"href":"https:\/\/www.oaklins.com\/fi\/sv\/wp-json\/wp\/v2\/users\/1"}],"replies":[{"embeddable":true,"href":"https:\/\/www.oaklins.com\/fi\/sv\/wp-json\/wp\/v2\/comments?post=541"}],"version-history":[{"count":14,"href":"https:\/\/www.oaklins.com\/fi\/sv\/wp-json\/wp\/v2\/pages\/541\/revisions"}],"predecessor-version":[{"id":1468,"href":"https:\/\/www.oaklins.com\/fi\/sv\/wp-json\/wp\/v2\/pages\/541\/revisions\/1468"}],"wp:attachment":[{"href":"https:\/\/www.oaklins.com\/fi\/sv\/wp-json\/wp\/v2\/media?parent=541"}],"curies":[{"name":"wp","href":"https:\/\/api.w.org\/{rel}","templated":true}]}}