{"id":216,"date":"2019-11-08T10:44:03","date_gmt":"2019-11-08T10:44:03","guid":{"rendered":"https:\/\/www.oaklins.com\/pl\/privacy-policy\/"},"modified":"2025-02-26T17:09:47","modified_gmt":"2025-02-26T17:09:47","slug":"privacy-policy","status":"publish","type":"page","link":"https:\/\/www.oaklins.com\/pl\/pl\/privacy-policy\/","title":{"rendered":"Polityka prywatno\u015bci"},"content":{"rendered":"","protected":false},"excerpt":{"rendered":"","protected":false},"author":1,"featured_media":0,"parent":0,"menu_order":0,"comment_status":"closed","ping_status":"closed","template":"template-parts\/plain-template.php","meta":{"_acf_changed":false,"footnotes":""},"class_list":["post-216","page","type-page","status-publish","hentry"],"acf":[],"yoast_head":"<!-- This site is optimized with the Yoast SEO plugin v26.9 - https:\/\/yoast.com\/product\/yoast-seo-wordpress\/ -->\n<title>Polityka prywatno\u015bci | Oaklins Poland: Us\u0142ugi doradcze w zakresie fuzji, przej\u0119\u0107 i pozyskiwania finansowania dla \u015bredniej wielko\u015bci transakcji na ca\u0142ym \u015bwiecie<\/title>\n<meta name=\"robots\" content=\"index, follow, max-snippet:-1, max-image-preview:large, max-video-preview:-1\" \/>\n<meta property=\"og:locale\" content=\"pl_PL\" \/>\n<meta property=\"og:type\" content=\"article\" \/>\n<meta property=\"og:title\" content=\"Polityka prywatno\u015bci | Oaklins Poland: Us\u0142ugi doradcze w zakresie fuzji, przej\u0119\u0107 i pozyskiwania finansowania dla \u015bredniej wielko\u015bci transakcji na ca\u0142ym \u015bwiecie\" \/>\n<meta property=\"og:url\" content=\"https:\/\/www.oaklins.com\/pl\/pl\/wp-json\/wp\/v2\/pages\/216\/\" \/>\n<meta property=\"og:site_name\" content=\"Oaklins Poland\" \/>\n<meta property=\"article:modified_time\" content=\"2025-02-26T17:09:47+00:00\" \/>\n<meta property=\"og:image\" content=\"https:\/\/www.oaklins.com\/uploads\/sites\/28\/2019\/12\/Oaklins.jpg\" \/>\n\t<meta property=\"og:image:width\" content=\"1920\" \/>\n\t<meta property=\"og:image:height\" content=\"1080\" \/>\n\t<meta property=\"og:image:type\" content=\"image\/jpeg\" \/>\n<meta name=\"twitter:card\" content=\"summary_large_image\" \/>\n<!-- \/ Yoast SEO plugin. -->","yoast_head_json":{"title":"Polityka prywatno\u015bci | Oaklins Poland: Us\u0142ugi doradcze w zakresie fuzji, przej\u0119\u0107 i pozyskiwania finansowania dla \u015bredniej wielko\u015bci transakcji na ca\u0142ym \u015bwiecie","robots":{"index":"index","follow":"follow","max-snippet":"max-snippet:-1","max-image-preview":"max-image-preview:large","max-video-preview":"max-video-preview:-1"},"og_locale":"pl_PL","og_type":"article","og_title":"Polityka prywatno\u015bci | Oaklins Poland: Us\u0142ugi doradcze w zakresie fuzji, przej\u0119\u0107 i pozyskiwania finansowania dla \u015bredniej wielko\u015bci transakcji na ca\u0142ym \u015bwiecie","og_url":"https:\/\/www.oaklins.com\/pl\/pl\/wp-json\/wp\/v2\/pages\/216\/","og_site_name":"Oaklins Poland","article_modified_time":"2025-02-26T17:09:47+00:00","og_image":[{"width":1920,"height":1080,"url":"https:\/\/www.oaklins.com\/uploads\/sites\/28\/2019\/12\/Oaklins.jpg","type":"image\/jpeg"}],"twitter_card":"summary_large_image","schema":{"@context":"https:\/\/schema.org","@graph":[{"@type":"WebPage","@id":"https:\/\/www.oaklins.com\/pl\/privacy-policy\/","url":"https:\/\/www.oaklins.com\/pl\/privacy-policy\/","name":"Polityka prywatno\u015bci | Oaklins Poland: Us\u0142ugi doradcze w zakresie fuzji, przej\u0119\u0107 i pozyskiwania finansowania dla \u015bredniej wielko\u015bci transakcji na ca\u0142ym \u015bwiecie","isPartOf":{"@id":"https:\/\/www.oaklins.com\/pl\/en\/#website"},"datePublished":"2019-11-08T10:44:03+00:00","dateModified":"2025-02-26T17:09:47+00:00","breadcrumb":{"@id":"https:\/\/www.oaklins.com\/pl\/privacy-policy\/#breadcrumb"},"inLanguage":"pl-PL","potentialAction":[{"@type":"ReadAction","target":["https:\/\/www.oaklins.com\/pl\/privacy-policy\/"]}]},{"@type":"BreadcrumbList","@id":"https:\/\/www.oaklins.com\/pl\/privacy-policy\/#breadcrumb","itemListElement":[{"@type":"ListItem","position":1,"name":"Home","item":"https:\/\/www.oaklins.com\/pl\/pl\/"},{"@type":"ListItem","position":2,"name":"Polityka prywatno\u015bci"}]},{"@type":"WebSite","@id":"https:\/\/www.oaklins.com\/pl\/en\/#website","url":"https:\/\/www.oaklins.com\/pl\/en\/","name":"Poland","description":"","potentialAction":[{"@type":"SearchAction","target":{"@type":"EntryPoint","urlTemplate":"https:\/\/www.oaklins.com\/pl\/en\/?s={search_term_string}"},"query-input":{"@type":"PropertyValueSpecification","valueRequired":true,"valueName":"search_term_string"}}],"inLanguage":"pl-PL"}]}},"_links":{"self":[{"href":"https:\/\/www.oaklins.com\/pl\/pl\/wp-json\/wp\/v2\/pages\/216","targetHints":{"allow":["GET"]}}],"collection":[{"href":"https:\/\/www.oaklins.com\/pl\/pl\/wp-json\/wp\/v2\/pages"}],"about":[{"href":"https:\/\/www.oaklins.com\/pl\/pl\/wp-json\/wp\/v2\/types\/page"}],"author":[{"embeddable":true,"href":"https:\/\/www.oaklins.com\/pl\/pl\/wp-json\/wp\/v2\/users\/1"}],"replies":[{"embeddable":true,"href":"https:\/\/www.oaklins.com\/pl\/pl\/wp-json\/wp\/v2\/comments?post=216"}],"version-history":[{"count":7,"href":"https:\/\/www.oaklins.com\/pl\/pl\/wp-json\/wp\/v2\/pages\/216\/revisions"}],"predecessor-version":[{"id":832,"href":"https:\/\/www.oaklins.com\/pl\/pl\/wp-json\/wp\/v2\/pages\/216\/revisions\/832"}],"wp:attachment":[{"href":"https:\/\/www.oaklins.com\/pl\/pl\/wp-json\/wp\/v2\/media?parent=216"}],"curies":[{"name":"wp","href":"https:\/\/api.w.org\/{rel}","templated":true}]}}