{"id":507,"date":"2020-07-06T14:18:04","date_gmt":"2020-07-06T14:18:04","guid":{"rendered":"https:\/\/www.oaklins.com\/pt\/oaklins-internationals-executive-committee\/"},"modified":"2026-01-05T10:42:19","modified_gmt":"2026-01-05T10:42:19","slug":"oaklins-internationals-executive-committee","status":"publish","type":"page","link":"https:\/\/www.oaklins.com\/pt\/pt-pt\/oaklins-internationals-executive-committee\/","title":{"rendered":"Comiss\u00e3o Executiva Internacional da Oaklins"},"content":{"rendered":"","protected":false},"excerpt":{"rendered":"","protected":false},"author":1,"featured_media":0,"parent":0,"menu_order":0,"comment_status":"closed","ping_status":"closed","template":"","meta":{"_acf_changed":false,"footnotes":""},"class_list":["post-507","page","type-page","status-publish","hentry"],"acf":[],"yoast_head":"<!-- This site is optimized with the Yoast SEO plugin v26.9 - https:\/\/yoast.com\/product\/yoast-seo-wordpress\/ -->\n<title>Comiss\u00e3o Executiva Internacional da Oaklins | Sobre n\u00f3s | Oaklins Portugal: Mid-market M&amp;A e assessoria financeira global<\/title>\n<meta name=\"description\" content=\"A Oaklins \u00e9 gerida por uma Comiss\u00e3o Executiva, composta por 10 representantes de todo o mundo. Como empreendedores, eles sabem o que \u00e9 preciso para contruir, gerir e crescer um neg\u00f3cio.\" \/>\n<meta name=\"robots\" content=\"index, follow, max-snippet:-1, max-image-preview:large, max-video-preview:-1\" \/>\n<meta property=\"og:locale\" content=\"pt_PT\" \/>\n<meta property=\"og:type\" content=\"article\" \/>\n<meta property=\"og:title\" content=\"Comiss\u00e3o Executiva Internacional da Oaklins | Sobre n\u00f3s | Oaklins Portugal: Mid-market M&amp;A e assessoria financeira global\" \/>\n<meta property=\"og:description\" content=\"A Oaklins \u00e9 gerida por uma Comiss\u00e3o Executiva, composta por 10 representantes de todo o mundo. Como empreendedores, eles sabem o que \u00e9 preciso para contruir, gerir e crescer um neg\u00f3cio.\" \/>\n<meta property=\"og:url\" content=\"https:\/\/www.oaklins.com\/pt\/pt-pt\/wp-json\/wp\/v2\/pages\/507\/\" \/>\n<meta property=\"og:site_name\" content=\"Oaklins Portugal\" \/>\n<meta property=\"article:modified_time\" content=\"2026-01-05T10:42:19+00:00\" \/>\n<meta property=\"og:image\" content=\"https:\/\/www.oaklins.com\/uploads\/sites\/29\/2019\/12\/Oaklins.jpg\" \/>\n\t<meta property=\"og:image:width\" content=\"1920\" \/>\n\t<meta property=\"og:image:height\" content=\"1080\" \/>\n\t<meta property=\"og:image:type\" content=\"image\/jpeg\" \/>\n<meta name=\"twitter:card\" content=\"summary_large_image\" \/>\n<!-- \/ Yoast SEO plugin. -->","yoast_head_json":{"title":"Comiss\u00e3o Executiva Internacional da Oaklins | Sobre n\u00f3s | Oaklins Portugal: Mid-market M&A e assessoria financeira global","description":"A Oaklins \u00e9 gerida por uma Comiss\u00e3o Executiva, composta por 10 representantes de todo o mundo. Como empreendedores, eles sabem o que \u00e9 preciso para contruir, gerir e crescer um neg\u00f3cio.","robots":{"index":"index","follow":"follow","max-snippet":"max-snippet:-1","max-image-preview":"max-image-preview:large","max-video-preview":"max-video-preview:-1"},"og_locale":"pt_PT","og_type":"article","og_title":"Comiss\u00e3o Executiva Internacional da Oaklins | Sobre n\u00f3s | Oaklins Portugal: Mid-market M&A e assessoria financeira global","og_description":"A Oaklins \u00e9 gerida por uma Comiss\u00e3o Executiva, composta por 10 representantes de todo o mundo. Como empreendedores, eles sabem o que \u00e9 preciso para contruir, gerir e crescer um neg\u00f3cio.","og_url":"https:\/\/www.oaklins.com\/pt\/pt-pt\/wp-json\/wp\/v2\/pages\/507\/","og_site_name":"Oaklins Portugal","article_modified_time":"2026-01-05T10:42:19+00:00","og_image":[{"width":1920,"height":1080,"url":"https:\/\/www.oaklins.com\/uploads\/sites\/29\/2019\/12\/Oaklins.jpg","type":"image\/jpeg"}],"twitter_card":"summary_large_image","schema":{"@context":"https:\/\/schema.org","@graph":[{"@type":"WebPage","@id":"https:\/\/www.oaklins.com\/pt\/pt-pt\/oaklins-internationals-executive-committee\/","url":"https:\/\/www.oaklins.com\/pt\/pt-pt\/oaklins-internationals-executive-committee\/","name":"Comiss\u00e3o Executiva Internacional da Oaklins | Sobre n\u00f3s | Oaklins Portugal: Mid-market M&A e assessoria financeira global","isPartOf":{"@id":"https:\/\/www.oaklins.com\/pt\/en\/#website"},"datePublished":"2020-07-06T14:18:04+00:00","dateModified":"2026-01-05T10:42:19+00:00","description":"A Oaklins \u00e9 gerida por uma Comiss\u00e3o Executiva, composta por 10 representantes de todo o mundo. Como empreendedores, eles sabem o que \u00e9 preciso para contruir, gerir e crescer um neg\u00f3cio.","breadcrumb":{"@id":"https:\/\/www.oaklins.com\/pt\/pt-pt\/oaklins-internationals-executive-committee\/#breadcrumb"},"inLanguage":"pt-PT","potentialAction":[{"@type":"ReadAction","target":["https:\/\/www.oaklins.com\/pt\/pt-pt\/oaklins-internationals-executive-committee\/"]}]},{"@type":"BreadcrumbList","@id":"https:\/\/www.oaklins.com\/pt\/pt-pt\/oaklins-internationals-executive-committee\/#breadcrumb","itemListElement":[{"@type":"ListItem","position":1,"name":"Home","item":"https:\/\/www.oaklins.com\/pt\/pt-pt\/"},{"@type":"ListItem","position":2,"name":"Comiss\u00e3o Executiva Internacional da Oaklins"}]},{"@type":"WebSite","@id":"https:\/\/www.oaklins.com\/pt\/en\/#website","url":"https:\/\/www.oaklins.com\/pt\/en\/","name":"Portugal","description":"","potentialAction":[{"@type":"SearchAction","target":{"@type":"EntryPoint","urlTemplate":"https:\/\/www.oaklins.com\/pt\/en\/?s={search_term_string}"},"query-input":{"@type":"PropertyValueSpecification","valueRequired":true,"valueName":"search_term_string"}}],"inLanguage":"pt-PT"}]}},"_links":{"self":[{"href":"https:\/\/www.oaklins.com\/pt\/pt-pt\/wp-json\/wp\/v2\/pages\/507","targetHints":{"allow":["GET"]}}],"collection":[{"href":"https:\/\/www.oaklins.com\/pt\/pt-pt\/wp-json\/wp\/v2\/pages"}],"about":[{"href":"https:\/\/www.oaklins.com\/pt\/pt-pt\/wp-json\/wp\/v2\/types\/page"}],"author":[{"embeddable":true,"href":"https:\/\/www.oaklins.com\/pt\/pt-pt\/wp-json\/wp\/v2\/users\/1"}],"replies":[{"embeddable":true,"href":"https:\/\/www.oaklins.com\/pt\/pt-pt\/wp-json\/wp\/v2\/comments?post=507"}],"version-history":[{"count":10,"href":"https:\/\/www.oaklins.com\/pt\/pt-pt\/wp-json\/wp\/v2\/pages\/507\/revisions"}],"predecessor-version":[{"id":845,"href":"https:\/\/www.oaklins.com\/pt\/pt-pt\/wp-json\/wp\/v2\/pages\/507\/revisions\/845"}],"wp:attachment":[{"href":"https:\/\/www.oaklins.com\/pt\/pt-pt\/wp-json\/wp\/v2\/media?parent=507"}],"curies":[{"name":"wp","href":"https:\/\/api.w.org\/{rel}","templated":true}]}}