{"id":188,"date":"2019-10-29T17:19:54","date_gmt":"2019-10-29T17:19:54","guid":{"rendered":"https:\/\/www.oaklins.com\/se\/front-page\/"},"modified":"2024-01-16T11:09:58","modified_gmt":"2024-01-16T11:09:58","slug":"front-page","status":"publish","type":"page","link":"https:\/\/www.oaklins.com\/se\/sv\/","title":{"rendered":"Front Page"},"content":{"rendered":"","protected":false},"excerpt":{"rendered":"","protected":false},"author":1,"featured_media":0,"parent":0,"menu_order":0,"comment_status":"closed","ping_status":"closed","template":"","meta":{"_acf_changed":false,"footnotes":""},"class_list":["post-188","page","type-page","status-publish","hentry"],"acf":[],"yoast_head":"<!-- This site is optimized with the Yoast SEO plugin v26.9 - https:\/\/yoast.com\/product\/yoast-seo-wordpress\/ -->\n<title>Oaklins Sweden: F\u00f6retagstransaktioner p\u00e5 mellanmarknaden och finansiell r\u00e5dgivning globalt<\/title>\n<meta name=\"description\" content=\"Genom bolagsf\u00f6rv\u00e4rv och avyttringar, s\u00e5v\u00e4l i Sverige som internationellt, hj\u00e4lper vi v\u00e5ra kunder att uppn\u00e5 sin fulla potential.\" \/>\n<meta name=\"robots\" content=\"index, follow, max-snippet:-1, max-image-preview:large, max-video-preview:-1\" \/>\n<meta property=\"og:locale\" content=\"sv_SE\" \/>\n<meta property=\"og:type\" content=\"article\" \/>\n<meta property=\"og:title\" content=\"Oaklins Sweden: F\u00f6retagstransaktioner p\u00e5 mellanmarknaden och finansiell r\u00e5dgivning globalt\" \/>\n<meta property=\"og:description\" content=\"Genom bolagsf\u00f6rv\u00e4rv och avyttringar, s\u00e5v\u00e4l i Sverige som internationellt, hj\u00e4lper vi v\u00e5ra kunder att uppn\u00e5 sin fulla potential.\" \/>\n<meta property=\"og:url\" content=\"https:\/\/www.oaklins.com\/se\/sv\/wp-json\/wp\/v2\/pages\/188\/\" \/>\n<meta property=\"og:site_name\" content=\"Oaklins Sweden\" \/>\n<meta property=\"article:modified_time\" content=\"2024-01-16T11:09:58+00:00\" \/>\n<meta name=\"twitter:card\" content=\"summary_large_image\" \/>\n<!-- \/ Yoast SEO plugin. -->","yoast_head_json":{"title":"Oaklins Sweden: F\u00f6retagstransaktioner p\u00e5 mellanmarknaden och finansiell r\u00e5dgivning globalt","description":"Genom bolagsf\u00f6rv\u00e4rv och avyttringar, s\u00e5v\u00e4l i Sverige som internationellt, hj\u00e4lper vi v\u00e5ra kunder att uppn\u00e5 sin fulla potential.","robots":{"index":"index","follow":"follow","max-snippet":"max-snippet:-1","max-image-preview":"max-image-preview:large","max-video-preview":"max-video-preview:-1"},"og_locale":"sv_SE","og_type":"article","og_title":"Oaklins Sweden: F\u00f6retagstransaktioner p\u00e5 mellanmarknaden och finansiell r\u00e5dgivning globalt","og_description":"Genom bolagsf\u00f6rv\u00e4rv och avyttringar, s\u00e5v\u00e4l i Sverige som internationellt, hj\u00e4lper vi v\u00e5ra kunder att uppn\u00e5 sin fulla potential.","og_url":"https:\/\/www.oaklins.com\/se\/sv\/wp-json\/wp\/v2\/pages\/188\/","og_site_name":"Oaklins Sweden","article_modified_time":"2024-01-16T11:09:58+00:00","twitter_card":"summary_large_image","schema":{"@context":"https:\/\/schema.org","@graph":[{"@type":"WebPage","@id":"https:\/\/www.oaklins.com\/se\/sv\/","url":"https:\/\/www.oaklins.com\/se\/sv\/","name":"Oaklins Sweden: F\u00f6retagstransaktioner p\u00e5 mellanmarknaden och finansiell r\u00e5dgivning globalt","isPartOf":{"@id":"https:\/\/www.oaklins.com\/se\/en\/#website"},"datePublished":"2019-10-29T17:19:54+00:00","dateModified":"2024-01-16T11:09:58+00:00","description":"Genom bolagsf\u00f6rv\u00e4rv och avyttringar, s\u00e5v\u00e4l i Sverige som internationellt, hj\u00e4lper vi v\u00e5ra kunder att uppn\u00e5 sin fulla potential.","breadcrumb":{"@id":"https:\/\/www.oaklins.com\/se\/sv\/#breadcrumb"},"inLanguage":"sv-SE","potentialAction":[{"@type":"ReadAction","target":["https:\/\/www.oaklins.com\/se\/sv\/"]}]},{"@type":"BreadcrumbList","@id":"https:\/\/www.oaklins.com\/se\/sv\/#breadcrumb","itemListElement":[{"@type":"ListItem","position":1,"name":"Home","item":"https:\/\/www.oaklins.com\/se\/sv\/"},{"@type":"ListItem","position":2,"name":"Front Page"}]},{"@type":"WebSite","@id":"https:\/\/www.oaklins.com\/se\/en\/#website","url":"https:\/\/www.oaklins.com\/se\/en\/","name":"Sweden","description":"","potentialAction":[{"@type":"SearchAction","target":{"@type":"EntryPoint","urlTemplate":"https:\/\/www.oaklins.com\/se\/en\/?s={search_term_string}"},"query-input":{"@type":"PropertyValueSpecification","valueRequired":true,"valueName":"search_term_string"}}],"inLanguage":"sv-SE"}]}},"_links":{"self":[{"href":"https:\/\/www.oaklins.com\/se\/sv\/wp-json\/wp\/v2\/pages\/188","targetHints":{"allow":["GET"]}}],"collection":[{"href":"https:\/\/www.oaklins.com\/se\/sv\/wp-json\/wp\/v2\/pages"}],"about":[{"href":"https:\/\/www.oaklins.com\/se\/sv\/wp-json\/wp\/v2\/types\/page"}],"author":[{"embeddable":true,"href":"https:\/\/www.oaklins.com\/se\/sv\/wp-json\/wp\/v2\/users\/1"}],"replies":[{"embeddable":true,"href":"https:\/\/www.oaklins.com\/se\/sv\/wp-json\/wp\/v2\/comments?post=188"}],"version-history":[{"count":9,"href":"https:\/\/www.oaklins.com\/se\/sv\/wp-json\/wp\/v2\/pages\/188\/revisions"}],"predecessor-version":[{"id":651,"href":"https:\/\/www.oaklins.com\/se\/sv\/wp-json\/wp\/v2\/pages\/188\/revisions\/651"}],"wp:attachment":[{"href":"https:\/\/www.oaklins.com\/se\/sv\/wp-json\/wp\/v2\/media?parent=188"}],"curies":[{"name":"wp","href":"https:\/\/api.w.org\/{rel}","templated":true}]}}