{"id":284,"date":"2019-10-30T16:40:47","date_gmt":"2019-10-30T16:40:47","guid":{"rendered":"https:\/\/www.oaklins.com\/se\/about-oaklins\/"},"modified":"2026-02-03T17:10:41","modified_gmt":"2026-02-03T17:10:41","slug":"about-oaklins","status":"publish","type":"page","link":"https:\/\/www.oaklins.com\/se\/sv\/about-oaklins\/","title":{"rendered":"Om Oaklins"},"content":{"rendered":"","protected":false},"excerpt":{"rendered":"","protected":false},"author":1,"featured_media":0,"parent":0,"menu_order":0,"comment_status":"closed","ping_status":"closed","template":"template-parts\/fullpage-template.php","meta":{"_acf_changed":false,"footnotes":""},"class_list":["post-284","page","type-page","status-publish","hentry"],"acf":[],"yoast_head":"<!-- This site is optimized with the Yoast SEO plugin v26.9 - https:\/\/yoast.com\/product\/yoast-seo-wordpress\/ -->\n<title>Om oss | Oaklins Sverige: F\u00f6retagstransaktioner p\u00e5 mellanmarknaden och finansiell r\u00e5dgivning globalt<\/title>\n<meta name=\"description\" content=\"V\u00e5ra M&amp;A-r\u00e5dgivare i \u00f6ver 40 l\u00e4nder v\u00e4rlden \u00f6ver st\u00e5r redo att hj\u00e4lpa dig att anskaffa kapital, f\u00f6rv\u00e4rva bolag, avyttra din verksamhet och ge dig oberoende professionell finansiell r\u00e5dgivning.\" \/>\n<meta name=\"robots\" content=\"index, follow, max-snippet:-1, max-image-preview:large, max-video-preview:-1\" \/>\n<meta property=\"og:locale\" content=\"sv_SE\" \/>\n<meta property=\"og:type\" content=\"article\" \/>\n<meta property=\"og:title\" content=\"Om oss | Oaklins Sverige: F\u00f6retagstransaktioner p\u00e5 mellanmarknaden och finansiell r\u00e5dgivning globalt\" \/>\n<meta property=\"og:description\" content=\"V\u00e5ra M&amp;A-r\u00e5dgivare i \u00f6ver 40 l\u00e4nder v\u00e4rlden \u00f6ver st\u00e5r redo att hj\u00e4lpa dig att anskaffa kapital, f\u00f6rv\u00e4rva bolag, avyttra din verksamhet och ge dig oberoende professionell finansiell r\u00e5dgivning.\" \/>\n<meta property=\"og:url\" content=\"https:\/\/www.oaklins.com\/se\/sv\/wp-json\/wp\/v2\/pages\/284\/\" \/>\n<meta property=\"og:site_name\" content=\"Oaklins Sweden\" \/>\n<meta property=\"article:modified_time\" content=\"2026-02-03T17:10:41+00:00\" \/>\n<meta name=\"twitter:card\" content=\"summary_large_image\" \/>\n<!-- \/ Yoast SEO plugin. -->","yoast_head_json":{"title":"Om oss | Oaklins Sverige: F\u00f6retagstransaktioner p\u00e5 mellanmarknaden och finansiell r\u00e5dgivning globalt","description":"V\u00e5ra M&A-r\u00e5dgivare i \u00f6ver 40 l\u00e4nder v\u00e4rlden \u00f6ver st\u00e5r redo att hj\u00e4lpa dig att anskaffa kapital, f\u00f6rv\u00e4rva bolag, avyttra din verksamhet och ge dig oberoende professionell finansiell r\u00e5dgivning.","robots":{"index":"index","follow":"follow","max-snippet":"max-snippet:-1","max-image-preview":"max-image-preview:large","max-video-preview":"max-video-preview:-1"},"og_locale":"sv_SE","og_type":"article","og_title":"Om oss | Oaklins Sverige: F\u00f6retagstransaktioner p\u00e5 mellanmarknaden och finansiell r\u00e5dgivning globalt","og_description":"V\u00e5ra M&A-r\u00e5dgivare i \u00f6ver 40 l\u00e4nder v\u00e4rlden \u00f6ver st\u00e5r redo att hj\u00e4lpa dig att anskaffa kapital, f\u00f6rv\u00e4rva bolag, avyttra din verksamhet och ge dig oberoende professionell finansiell r\u00e5dgivning.","og_url":"https:\/\/www.oaklins.com\/se\/sv\/wp-json\/wp\/v2\/pages\/284\/","og_site_name":"Oaklins Sweden","article_modified_time":"2026-02-03T17:10:41+00:00","twitter_card":"summary_large_image","schema":{"@context":"https:\/\/schema.org","@graph":[{"@type":"WebPage","@id":"https:\/\/www.oaklins.com\/se\/about-oaklins\/","url":"https:\/\/www.oaklins.com\/se\/about-oaklins\/","name":"Om oss | Oaklins Sverige: F\u00f6retagstransaktioner p\u00e5 mellanmarknaden och finansiell r\u00e5dgivning globalt","isPartOf":{"@id":"https:\/\/www.oaklins.com\/se\/en\/#website"},"datePublished":"2019-10-30T16:40:47+00:00","dateModified":"2026-02-03T17:10:41+00:00","description":"V\u00e5ra M&A-r\u00e5dgivare i \u00f6ver 40 l\u00e4nder v\u00e4rlden \u00f6ver st\u00e5r redo att hj\u00e4lpa dig att anskaffa kapital, f\u00f6rv\u00e4rva bolag, avyttra din verksamhet och ge dig oberoende professionell finansiell r\u00e5dgivning.","breadcrumb":{"@id":"https:\/\/www.oaklins.com\/se\/about-oaklins\/#breadcrumb"},"inLanguage":"sv-SE","potentialAction":[{"@type":"ReadAction","target":["https:\/\/www.oaklins.com\/se\/about-oaklins\/"]}]},{"@type":"BreadcrumbList","@id":"https:\/\/www.oaklins.com\/se\/about-oaklins\/#breadcrumb","itemListElement":[{"@type":"ListItem","position":1,"name":"Home","item":"https:\/\/www.oaklins.com\/se\/sv\/"},{"@type":"ListItem","position":2,"name":"Om Oaklins"}]},{"@type":"WebSite","@id":"https:\/\/www.oaklins.com\/se\/en\/#website","url":"https:\/\/www.oaklins.com\/se\/en\/","name":"Sweden","description":"","potentialAction":[{"@type":"SearchAction","target":{"@type":"EntryPoint","urlTemplate":"https:\/\/www.oaklins.com\/se\/en\/?s={search_term_string}"},"query-input":{"@type":"PropertyValueSpecification","valueRequired":true,"valueName":"search_term_string"}}],"inLanguage":"sv-SE"}]}},"_links":{"self":[{"href":"https:\/\/www.oaklins.com\/se\/sv\/wp-json\/wp\/v2\/pages\/284","targetHints":{"allow":["GET"]}}],"collection":[{"href":"https:\/\/www.oaklins.com\/se\/sv\/wp-json\/wp\/v2\/pages"}],"about":[{"href":"https:\/\/www.oaklins.com\/se\/sv\/wp-json\/wp\/v2\/types\/page"}],"author":[{"embeddable":true,"href":"https:\/\/www.oaklins.com\/se\/sv\/wp-json\/wp\/v2\/users\/1"}],"replies":[{"embeddable":true,"href":"https:\/\/www.oaklins.com\/se\/sv\/wp-json\/wp\/v2\/comments?post=284"}],"version-history":[{"count":14,"href":"https:\/\/www.oaklins.com\/se\/sv\/wp-json\/wp\/v2\/pages\/284\/revisions"}],"predecessor-version":[{"id":921,"href":"https:\/\/www.oaklins.com\/se\/sv\/wp-json\/wp\/v2\/pages\/284\/revisions\/921"}],"wp:attachment":[{"href":"https:\/\/www.oaklins.com\/se\/sv\/wp-json\/wp\/v2\/media?parent=284"}],"curies":[{"name":"wp","href":"https:\/\/api.w.org\/{rel}","templated":true}]}}