{"id":297,"date":"2019-10-29T17:39:20","date_gmt":"2019-10-29T17:39:20","guid":{"rendered":"https:\/\/www.oaklins.com\/se\/deals\/"},"modified":"2024-01-17T09:42:23","modified_gmt":"2024-01-17T09:42:23","slug":"deals","status":"publish","type":"page","link":"https:\/\/www.oaklins.com\/se\/sv\/deals\/","title":{"rendered":"Transaktioner"},"content":{"rendered":"","protected":false},"excerpt":{"rendered":"","protected":false},"author":1,"featured_media":0,"parent":0,"menu_order":0,"comment_status":"closed","ping_status":"closed","template":"","meta":{"_acf_changed":false,"footnotes":""},"class_list":["post-297","page","type-page","status-publish","hentry"],"acf":[],"yoast_head":"<!-- This site is optimized with the Yoast SEO plugin v26.9 - https:\/\/yoast.com\/product\/yoast-seo-wordpress\/ -->\n<title>Transaktioner | Oaklins Sweden: F\u00f6retagstransaktioner p\u00e5 mellanmarknaden och finansiell r\u00e5dgivning globalt<\/title>\n<meta name=\"description\" content=\"Efter tusentals framg\u00e5ngsrika f\u00f6retagstransaktioner, b\u00e5de inrikes och internationellt, \u00e4r v\u00e5rt engagemang f\u00f6r att hj\u00e4lpa f\u00f6retag p\u00e5 mellanmarknaden att uppn\u00e5 och \u00f6vertr\u00e4ffa sina m\u00e5l starkare \u00e4n n\u00e5gonsin.\" \/>\n<meta name=\"robots\" content=\"index, follow, max-snippet:-1, max-image-preview:large, max-video-preview:-1\" \/>\n<meta property=\"og:locale\" content=\"sv_SE\" \/>\n<meta property=\"og:type\" content=\"article\" \/>\n<meta property=\"og:title\" content=\"Transaktioner | Oaklins Sweden: F\u00f6retagstransaktioner p\u00e5 mellanmarknaden och finansiell r\u00e5dgivning globalt\" \/>\n<meta property=\"og:description\" content=\"Efter tusentals framg\u00e5ngsrika f\u00f6retagstransaktioner, b\u00e5de inrikes och internationellt, \u00e4r v\u00e5rt engagemang f\u00f6r att hj\u00e4lpa f\u00f6retag p\u00e5 mellanmarknaden att uppn\u00e5 och \u00f6vertr\u00e4ffa sina m\u00e5l starkare \u00e4n n\u00e5gonsin.\" \/>\n<meta property=\"og:url\" content=\"https:\/\/www.oaklins.com\/se\/sv\/wp-json\/wp\/v2\/pages\/297\/\" \/>\n<meta property=\"og:site_name\" content=\"Oaklins Sweden\" \/>\n<meta property=\"article:modified_time\" content=\"2024-01-17T09:42:23+00:00\" \/>\n<meta name=\"twitter:card\" content=\"summary_large_image\" \/>\n<!-- \/ Yoast SEO plugin. -->","yoast_head_json":{"title":"Transaktioner | Oaklins Sweden: F\u00f6retagstransaktioner p\u00e5 mellanmarknaden och finansiell r\u00e5dgivning globalt","description":"Efter tusentals framg\u00e5ngsrika f\u00f6retagstransaktioner, b\u00e5de inrikes och internationellt, \u00e4r v\u00e5rt engagemang f\u00f6r att hj\u00e4lpa f\u00f6retag p\u00e5 mellanmarknaden att uppn\u00e5 och \u00f6vertr\u00e4ffa sina m\u00e5l starkare \u00e4n n\u00e5gonsin.","robots":{"index":"index","follow":"follow","max-snippet":"max-snippet:-1","max-image-preview":"max-image-preview:large","max-video-preview":"max-video-preview:-1"},"og_locale":"sv_SE","og_type":"article","og_title":"Transaktioner | Oaklins Sweden: F\u00f6retagstransaktioner p\u00e5 mellanmarknaden och finansiell r\u00e5dgivning globalt","og_description":"Efter tusentals framg\u00e5ngsrika f\u00f6retagstransaktioner, b\u00e5de inrikes och internationellt, \u00e4r v\u00e5rt engagemang f\u00f6r att hj\u00e4lpa f\u00f6retag p\u00e5 mellanmarknaden att uppn\u00e5 och \u00f6vertr\u00e4ffa sina m\u00e5l starkare \u00e4n n\u00e5gonsin.","og_url":"https:\/\/www.oaklins.com\/se\/sv\/wp-json\/wp\/v2\/pages\/297\/","og_site_name":"Oaklins Sweden","article_modified_time":"2024-01-17T09:42:23+00:00","twitter_card":"summary_large_image","schema":{"@context":"https:\/\/schema.org","@graph":[{"@type":"WebPage","@id":"https:\/\/www.oaklins.com\/se\/sv\/deals\/","url":"https:\/\/www.oaklins.com\/se\/sv\/deals\/","name":"Transaktioner | Oaklins Sweden: F\u00f6retagstransaktioner p\u00e5 mellanmarknaden och finansiell r\u00e5dgivning globalt","isPartOf":{"@id":"https:\/\/www.oaklins.com\/se\/en\/#website"},"datePublished":"2019-10-29T17:39:20+00:00","dateModified":"2024-01-17T09:42:23+00:00","description":"Efter tusentals framg\u00e5ngsrika f\u00f6retagstransaktioner, b\u00e5de inrikes och internationellt, \u00e4r v\u00e5rt engagemang f\u00f6r att hj\u00e4lpa f\u00f6retag p\u00e5 mellanmarknaden att uppn\u00e5 och \u00f6vertr\u00e4ffa sina m\u00e5l starkare \u00e4n n\u00e5gonsin.","breadcrumb":{"@id":"https:\/\/www.oaklins.com\/se\/sv\/deals\/#breadcrumb"},"inLanguage":"sv-SE","potentialAction":[{"@type":"ReadAction","target":["https:\/\/www.oaklins.com\/se\/sv\/deals\/"]}]},{"@type":"BreadcrumbList","@id":"https:\/\/www.oaklins.com\/se\/sv\/deals\/#breadcrumb","itemListElement":[{"@type":"ListItem","position":1,"name":"Home","item":"https:\/\/www.oaklins.com\/se\/sv\/"},{"@type":"ListItem","position":2,"name":"Transaktioner"}]},{"@type":"WebSite","@id":"https:\/\/www.oaklins.com\/se\/en\/#website","url":"https:\/\/www.oaklins.com\/se\/en\/","name":"Sweden","description":"","potentialAction":[{"@type":"SearchAction","target":{"@type":"EntryPoint","urlTemplate":"https:\/\/www.oaklins.com\/se\/en\/?s={search_term_string}"},"query-input":{"@type":"PropertyValueSpecification","valueRequired":true,"valueName":"search_term_string"}}],"inLanguage":"sv-SE"}]}},"_links":{"self":[{"href":"https:\/\/www.oaklins.com\/se\/sv\/wp-json\/wp\/v2\/pages\/297","targetHints":{"allow":["GET"]}}],"collection":[{"href":"https:\/\/www.oaklins.com\/se\/sv\/wp-json\/wp\/v2\/pages"}],"about":[{"href":"https:\/\/www.oaklins.com\/se\/sv\/wp-json\/wp\/v2\/types\/page"}],"author":[{"embeddable":true,"href":"https:\/\/www.oaklins.com\/se\/sv\/wp-json\/wp\/v2\/users\/1"}],"replies":[{"embeddable":true,"href":"https:\/\/www.oaklins.com\/se\/sv\/wp-json\/wp\/v2\/comments?post=297"}],"version-history":[{"count":7,"href":"https:\/\/www.oaklins.com\/se\/sv\/wp-json\/wp\/v2\/pages\/297\/revisions"}],"predecessor-version":[{"id":680,"href":"https:\/\/www.oaklins.com\/se\/sv\/wp-json\/wp\/v2\/pages\/297\/revisions\/680"}],"wp:attachment":[{"href":"https:\/\/www.oaklins.com\/se\/sv\/wp-json\/wp\/v2\/media?parent=297"}],"curies":[{"name":"wp","href":"https:\/\/api.w.org\/{rel}","templated":true}]}}