{"id":307,"date":"2019-10-29T18:46:37","date_gmt":"2019-10-29T18:46:37","guid":{"rendered":"https:\/\/www.oaklins.com\/se\/our-locations\/"},"modified":"2024-01-29T16:32:30","modified_gmt":"2024-01-29T16:32:30","slug":"our-locations","status":"publish","type":"page","link":"https:\/\/www.oaklins.com\/se\/sv\/our-locations\/","title":{"rendered":"V\u00e5ra kontor"},"content":{"rendered":"","protected":false},"excerpt":{"rendered":"","protected":false},"author":1,"featured_media":0,"parent":0,"menu_order":0,"comment_status":"closed","ping_status":"closed","template":"template-parts\/locations-template.php","meta":{"_acf_changed":false,"footnotes":""},"class_list":["post-307","page","type-page","status-publish","hentry"],"acf":[],"yoast_head":"<!-- This site is optimized with the Yoast SEO plugin v26.9 - https:\/\/yoast.com\/product\/yoast-seo-wordpress\/ -->\n<title>V\u00e5ra kontor | Oaklins Sweden: F\u00f6retagstransaktioner p\u00e5 mellanmarknaden och finansiell r\u00e5dgivning globalt<\/title>\n<meta name=\"description\" content=\"Med kontor i \u00f6ver 40 l\u00e4nder kombinerar vi ett globalt perspektiv med lokalk\u00e4nnedom f\u00f6r att hj\u00e4lpa dig att identifiera de mest attraktiva M&amp;A-transaktionerna, s\u00e5v\u00e4l p\u00e5 din hemmamarknad som internationellt.\" \/>\n<meta name=\"robots\" content=\"index, follow, max-snippet:-1, max-image-preview:large, max-video-preview:-1\" \/>\n<meta property=\"og:locale\" content=\"sv_SE\" \/>\n<meta property=\"og:type\" content=\"article\" \/>\n<meta property=\"og:title\" content=\"V\u00e5ra kontor | Oaklins Sweden: F\u00f6retagstransaktioner p\u00e5 mellanmarknaden och finansiell r\u00e5dgivning globalt\" \/>\n<meta property=\"og:description\" content=\"Med kontor i \u00f6ver 40 l\u00e4nder kombinerar vi ett globalt perspektiv med lokalk\u00e4nnedom f\u00f6r att hj\u00e4lpa dig att identifiera de mest attraktiva M&amp;A-transaktionerna, s\u00e5v\u00e4l p\u00e5 din hemmamarknad som internationellt.\" \/>\n<meta property=\"og:url\" content=\"https:\/\/www.oaklins.com\/se\/sv\/wp-json\/wp\/v2\/pages\/307\/\" \/>\n<meta property=\"og:site_name\" content=\"Oaklins Sweden\" \/>\n<meta property=\"article:modified_time\" content=\"2024-01-29T16:32:30+00:00\" \/>\n<meta name=\"twitter:card\" content=\"summary_large_image\" \/>\n<!-- \/ Yoast SEO plugin. -->","yoast_head_json":{"title":"V\u00e5ra kontor | Oaklins Sweden: F\u00f6retagstransaktioner p\u00e5 mellanmarknaden och finansiell r\u00e5dgivning globalt","description":"Med kontor i \u00f6ver 40 l\u00e4nder kombinerar vi ett globalt perspektiv med lokalk\u00e4nnedom f\u00f6r att hj\u00e4lpa dig att identifiera de mest attraktiva M&A-transaktionerna, s\u00e5v\u00e4l p\u00e5 din hemmamarknad som internationellt.","robots":{"index":"index","follow":"follow","max-snippet":"max-snippet:-1","max-image-preview":"max-image-preview:large","max-video-preview":"max-video-preview:-1"},"og_locale":"sv_SE","og_type":"article","og_title":"V\u00e5ra kontor | Oaklins Sweden: F\u00f6retagstransaktioner p\u00e5 mellanmarknaden och finansiell r\u00e5dgivning globalt","og_description":"Med kontor i \u00f6ver 40 l\u00e4nder kombinerar vi ett globalt perspektiv med lokalk\u00e4nnedom f\u00f6r att hj\u00e4lpa dig att identifiera de mest attraktiva M&A-transaktionerna, s\u00e5v\u00e4l p\u00e5 din hemmamarknad som internationellt.","og_url":"https:\/\/www.oaklins.com\/se\/sv\/wp-json\/wp\/v2\/pages\/307\/","og_site_name":"Oaklins Sweden","article_modified_time":"2024-01-29T16:32:30+00:00","twitter_card":"summary_large_image","schema":{"@context":"https:\/\/schema.org","@graph":[{"@type":"WebPage","@id":"https:\/\/www.oaklins.com\/se\/our-locations\/","url":"https:\/\/www.oaklins.com\/se\/our-locations\/","name":"V\u00e5ra kontor | Oaklins Sweden: F\u00f6retagstransaktioner p\u00e5 mellanmarknaden och finansiell r\u00e5dgivning globalt","isPartOf":{"@id":"https:\/\/www.oaklins.com\/se\/en\/#website"},"datePublished":"2019-10-29T18:46:37+00:00","dateModified":"2024-01-29T16:32:30+00:00","description":"Med kontor i \u00f6ver 40 l\u00e4nder kombinerar vi ett globalt perspektiv med lokalk\u00e4nnedom f\u00f6r att hj\u00e4lpa dig att identifiera de mest attraktiva M&A-transaktionerna, s\u00e5v\u00e4l p\u00e5 din hemmamarknad som internationellt.","breadcrumb":{"@id":"https:\/\/www.oaklins.com\/se\/our-locations\/#breadcrumb"},"inLanguage":"sv-SE","potentialAction":[{"@type":"ReadAction","target":["https:\/\/www.oaklins.com\/se\/our-locations\/"]}]},{"@type":"BreadcrumbList","@id":"https:\/\/www.oaklins.com\/se\/our-locations\/#breadcrumb","itemListElement":[{"@type":"ListItem","position":1,"name":"Home","item":"https:\/\/www.oaklins.com\/se\/sv\/"},{"@type":"ListItem","position":2,"name":"V\u00e5ra kontor"}]},{"@type":"WebSite","@id":"https:\/\/www.oaklins.com\/se\/en\/#website","url":"https:\/\/www.oaklins.com\/se\/en\/","name":"Sweden","description":"","potentialAction":[{"@type":"SearchAction","target":{"@type":"EntryPoint","urlTemplate":"https:\/\/www.oaklins.com\/se\/en\/?s={search_term_string}"},"query-input":{"@type":"PropertyValueSpecification","valueRequired":true,"valueName":"search_term_string"}}],"inLanguage":"sv-SE"}]}},"_links":{"self":[{"href":"https:\/\/www.oaklins.com\/se\/sv\/wp-json\/wp\/v2\/pages\/307","targetHints":{"allow":["GET"]}}],"collection":[{"href":"https:\/\/www.oaklins.com\/se\/sv\/wp-json\/wp\/v2\/pages"}],"about":[{"href":"https:\/\/www.oaklins.com\/se\/sv\/wp-json\/wp\/v2\/types\/page"}],"author":[{"embeddable":true,"href":"https:\/\/www.oaklins.com\/se\/sv\/wp-json\/wp\/v2\/users\/1"}],"replies":[{"embeddable":true,"href":"https:\/\/www.oaklins.com\/se\/sv\/wp-json\/wp\/v2\/comments?post=307"}],"version-history":[{"count":4,"href":"https:\/\/www.oaklins.com\/se\/sv\/wp-json\/wp\/v2\/pages\/307\/revisions"}],"predecessor-version":[{"id":682,"href":"https:\/\/www.oaklins.com\/se\/sv\/wp-json\/wp\/v2\/pages\/307\/revisions\/682"}],"wp:attachment":[{"href":"https:\/\/www.oaklins.com\/se\/sv\/wp-json\/wp\/v2\/media?parent=307"}],"curies":[{"name":"wp","href":"https:\/\/api.w.org\/{rel}","templated":true}]}}