{"id":453,"date":"2020-07-06T14:18:04","date_gmt":"2020-07-06T14:18:04","guid":{"rendered":"https:\/\/www.oaklins.com\/se\/oaklins-internationals-executive-committee-2\/"},"modified":"2026-01-05T10:43:13","modified_gmt":"2026-01-05T10:43:13","slug":"oaklins-internationals-executive-committee","status":"publish","type":"page","link":"https:\/\/www.oaklins.com\/se\/sv\/oaklins-internationals-executive-committee\/","title":{"rendered":"Oaklins Internationals verkst\u00e4llande kommitt\u00e9"},"content":{"rendered":"","protected":false},"excerpt":{"rendered":"","protected":false},"author":1,"featured_media":0,"parent":0,"menu_order":0,"comment_status":"closed","ping_status":"closed","template":"","meta":{"_acf_changed":false,"footnotes":""},"class_list":["post-453","page","type-page","status-publish","hentry"],"acf":[],"yoast_head":"<!-- This site is optimized with the Yoast SEO plugin v26.9 - https:\/\/yoast.com\/product\/yoast-seo-wordpress\/ -->\n<title>Oaklins Internationals verkst\u00e4llande kommitt\u00e9 | Om oss | Oaklins Sweden: Mid-market M&amp;A and financial advice globally<\/title>\n<meta name=\"description\" content=\"En roterande verkst\u00e4llande kommitt\u00e9 best\u00e5ende utav 10 utvalda representanter fr\u00e5n de olika firmorna globalt ansvarar f\u00f6r att verkst\u00e4lla organisationens l\u00e5ngsiktiga strategi. Oaklins International drivs av entreprenr\u00f6rer som vet vad det inneb\u00e4r att bygga, v\u00e4xa och driva bolag.\" \/>\n<meta name=\"robots\" content=\"index, follow, max-snippet:-1, max-image-preview:large, max-video-preview:-1\" \/>\n<meta property=\"og:locale\" content=\"sv_SE\" \/>\n<meta property=\"og:type\" content=\"article\" \/>\n<meta property=\"og:title\" content=\"Oaklins Internationals verkst\u00e4llande kommitt\u00e9 | Om oss | Oaklins Sweden: Mid-market M&amp;A and financial advice globally\" \/>\n<meta property=\"og:description\" content=\"En roterande verkst\u00e4llande kommitt\u00e9 best\u00e5ende utav 10 utvalda representanter fr\u00e5n de olika firmorna globalt ansvarar f\u00f6r att verkst\u00e4lla organisationens l\u00e5ngsiktiga strategi. Oaklins International drivs av entreprenr\u00f6rer som vet vad det inneb\u00e4r att bygga, v\u00e4xa och driva bolag.\" \/>\n<meta property=\"og:url\" content=\"https:\/\/www.oaklins.com\/se\/sv\/wp-json\/wp\/v2\/pages\/453\/\" \/>\n<meta property=\"og:site_name\" content=\"Oaklins Sweden\" \/>\n<meta property=\"article:modified_time\" content=\"2026-01-05T10:43:13+00:00\" \/>\n<meta name=\"twitter:card\" content=\"summary_large_image\" \/>\n<!-- \/ Yoast SEO plugin. -->","yoast_head_json":{"title":"Oaklins Internationals verkst\u00e4llande kommitt\u00e9 | Om oss | Oaklins Sweden: Mid-market M&A and financial advice globally","description":"En roterande verkst\u00e4llande kommitt\u00e9 best\u00e5ende utav 10 utvalda representanter fr\u00e5n de olika firmorna globalt ansvarar f\u00f6r att verkst\u00e4lla organisationens l\u00e5ngsiktiga strategi. Oaklins International drivs av entreprenr\u00f6rer som vet vad det inneb\u00e4r att bygga, v\u00e4xa och driva bolag.","robots":{"index":"index","follow":"follow","max-snippet":"max-snippet:-1","max-image-preview":"max-image-preview:large","max-video-preview":"max-video-preview:-1"},"og_locale":"sv_SE","og_type":"article","og_title":"Oaklins Internationals verkst\u00e4llande kommitt\u00e9 | Om oss | Oaklins Sweden: Mid-market M&A and financial advice globally","og_description":"En roterande verkst\u00e4llande kommitt\u00e9 best\u00e5ende utav 10 utvalda representanter fr\u00e5n de olika firmorna globalt ansvarar f\u00f6r att verkst\u00e4lla organisationens l\u00e5ngsiktiga strategi. Oaklins International drivs av entreprenr\u00f6rer som vet vad det inneb\u00e4r att bygga, v\u00e4xa och driva bolag.","og_url":"https:\/\/www.oaklins.com\/se\/sv\/wp-json\/wp\/v2\/pages\/453\/","og_site_name":"Oaklins Sweden","article_modified_time":"2026-01-05T10:43:13+00:00","twitter_card":"summary_large_image","schema":{"@context":"https:\/\/schema.org","@graph":[{"@type":"WebPage","@id":"https:\/\/www.oaklins.com\/se\/sv\/oaklins-internationals-executive-committee\/","url":"https:\/\/www.oaklins.com\/se\/sv\/oaklins-internationals-executive-committee\/","name":"Oaklins Internationals verkst\u00e4llande kommitt\u00e9 | Om oss | Oaklins Sweden: Mid-market M&A and financial advice globally","isPartOf":{"@id":"https:\/\/www.oaklins.com\/se\/en\/#website"},"datePublished":"2020-07-06T14:18:04+00:00","dateModified":"2026-01-05T10:43:13+00:00","description":"En roterande verkst\u00e4llande kommitt\u00e9 best\u00e5ende utav 10 utvalda representanter fr\u00e5n de olika firmorna globalt ansvarar f\u00f6r att verkst\u00e4lla organisationens l\u00e5ngsiktiga strategi. Oaklins International drivs av entreprenr\u00f6rer som vet vad det inneb\u00e4r att bygga, v\u00e4xa och driva bolag.","breadcrumb":{"@id":"https:\/\/www.oaklins.com\/se\/sv\/oaklins-internationals-executive-committee\/#breadcrumb"},"inLanguage":"sv-SE","potentialAction":[{"@type":"ReadAction","target":["https:\/\/www.oaklins.com\/se\/sv\/oaklins-internationals-executive-committee\/"]}]},{"@type":"BreadcrumbList","@id":"https:\/\/www.oaklins.com\/se\/sv\/oaklins-internationals-executive-committee\/#breadcrumb","itemListElement":[{"@type":"ListItem","position":1,"name":"Home","item":"https:\/\/www.oaklins.com\/se\/sv\/"},{"@type":"ListItem","position":2,"name":"Oaklins Internationals verkst\u00e4llande kommitt\u00e9"}]},{"@type":"WebSite","@id":"https:\/\/www.oaklins.com\/se\/en\/#website","url":"https:\/\/www.oaklins.com\/se\/en\/","name":"Sweden","description":"","potentialAction":[{"@type":"SearchAction","target":{"@type":"EntryPoint","urlTemplate":"https:\/\/www.oaklins.com\/se\/en\/?s={search_term_string}"},"query-input":{"@type":"PropertyValueSpecification","valueRequired":true,"valueName":"search_term_string"}}],"inLanguage":"sv-SE"}]}},"_links":{"self":[{"href":"https:\/\/www.oaklins.com\/se\/sv\/wp-json\/wp\/v2\/pages\/453","targetHints":{"allow":["GET"]}}],"collection":[{"href":"https:\/\/www.oaklins.com\/se\/sv\/wp-json\/wp\/v2\/pages"}],"about":[{"href":"https:\/\/www.oaklins.com\/se\/sv\/wp-json\/wp\/v2\/types\/page"}],"author":[{"embeddable":true,"href":"https:\/\/www.oaklins.com\/se\/sv\/wp-json\/wp\/v2\/users\/1"}],"replies":[{"embeddable":true,"href":"https:\/\/www.oaklins.com\/se\/sv\/wp-json\/wp\/v2\/comments?post=453"}],"version-history":[{"count":12,"href":"https:\/\/www.oaklins.com\/se\/sv\/wp-json\/wp\/v2\/pages\/453\/revisions"}],"predecessor-version":[{"id":906,"href":"https:\/\/www.oaklins.com\/se\/sv\/wp-json\/wp\/v2\/pages\/453\/revisions\/906"}],"wp:attachment":[{"href":"https:\/\/www.oaklins.com\/se\/sv\/wp-json\/wp\/v2\/media?parent=453"}],"curies":[{"name":"wp","href":"https:\/\/api.w.org\/{rel}","templated":true}]}}